{"id":572,"date":"2021-10-10T15:21:10","date_gmt":"2021-10-10T18:21:10","guid":{"rendered":"https:\/\/www.salivapi.com.br\/edicao2022\/?page_id=572"},"modified":"2022-05-18T18:48:58","modified_gmt":"2022-05-18T21:48:58","slug":"a-fundacao","status":"publish","type":"page","link":"https:\/\/www.salivapi.com.br\/edicao2022\/a-fundacao\/","title":{"rendered":"Hist\u00f3ria"},"content":{"rendered":"\t\t<div data-elementor-type=\"wp-page\" data-elementor-id=\"572\" class=\"elementor elementor-572\" data-elementor-post-type=\"page\">\n\t\t\t\t\t\t<section class=\"elementor-section elementor-top-section elementor-element elementor-element-f7d9d3b elementor-section-boxed elementor-section-height-default elementor-section-height-default\" data-id=\"f7d9d3b\" data-element_type=\"section\">\n\t\t\t\t\t\t<div class=\"elementor-container elementor-column-gap-default\">\n\t\t\t\t\t<div class=\"elementor-column elementor-col-100 elementor-top-column elementor-element elementor-element-10a6acc\" data-id=\"10a6acc\" data-element_type=\"column\">\n\t\t\t<div class=\"elementor-widget-wrap elementor-element-populated\">\n\t\t\t\t\t\t<div class=\"elementor-element elementor-element-091381d elementor-widget elementor-widget-text-editor\" data-id=\"091381d\" data-element_type=\"widget\" data-widget_type=\"text-editor.default\">\n\t\t\t\t<div class=\"elementor-widget-container\">\n\t\t\t\t\t\t\t\t\t<p><img fetchpriority=\"high\" decoding=\"async\" class=\"aligncenter wp-image-1393 size-full\" src=\"https:\/\/www.salivapi.com.br\/edicao2022\/wp-content\/uploads\/2021\/12\/linha-do-tempo-salipi.png\" alt=\"\" width=\"923\" height=\"315\" srcset=\"https:\/\/www.salivapi.com.br\/edicao2022\/wp-content\/uploads\/2021\/12\/linha-do-tempo-salipi.png 923w, https:\/\/www.salivapi.com.br\/edicao2022\/wp-content\/uploads\/2021\/12\/linha-do-tempo-salipi-300x102.png 300w, https:\/\/www.salivapi.com.br\/edicao2022\/wp-content\/uploads\/2021\/12\/linha-do-tempo-salipi-768x262.png 768w\" sizes=\"(max-width: 923px) 100vw, 923px\" \/><\/p><p>A hist\u00f3ria inteira come\u00e7ou quinze anos atr\u00e1s com quatro amigos do Livro, da Leitura, da L\u00edngua e da Literatura; e uma grande ideia a ser executada: o maior evento L\u00edtero-cultural do Piau\u00ed, a nossa Bienal do Livro! Os entraves: nenhum dinheiro no bolso, apenas alguns poucos amigos importantes, e todos vindos do interior.<\/p><p>Mas a proposta era boa, organizada e bem fundamentada, e ela foi \u201ccomprada\u201d por quem realmente poderia transform\u00e1-la em realidade. Nascia ali o Sal\u00e3o do Livro do Piau\u00ed. E com ele, d\u00favidas sobre sua viabilidade e continuidade. Nesse tempo de viv\u00eancia juvenil \u00e9 sempre muito apoiado, por\u00e9m, ainda n\u00e3o atingiu sua total independ\u00eancia econ\u00f4mica e estabilidade financeira.<\/p><p>\u00a0<\/p><p>Consagrou-se, sim, como o mais cont\u00ednuo e longevo projeto cultural de nosso Estado, e cada vez mais engrandece e coloca Teresina no roteiro tem\u00e1tico de escritores, das editoras de porte nacional e no cen\u00e1rio liter\u00e1rio internacional. Nos \u00faltimos quatro anos as asas acolhedoras e protetoras da Universidade Federal do Piau\u00ed t\u00eam ajudado no sucesso das edi\u00e7\u00f5es e profissionalizado o evento, al\u00e9m de contribuir consideravelmente para a diversifica\u00e7\u00e3o na programa\u00e7\u00e3o ofertada durante o Semin\u00e1rio L\u00edngua Viva e o Bate-Papo Liter\u00e1rio; al\u00e9m das Exposi\u00e7\u00f5es Art\u00edsticas e a suave presen\u00e7a do N\u00facleo de Gravura e Pesquisa do Piau\u00ed-NUGRAPPI dentro do espa\u00e7o Crian\u00e7a Liz Medeiros; contemplando um dos pilares da educa\u00e7\u00e3o p\u00fablica superior: o conhecimento levado \u00e0 comunidade extramuros, extensivo a quem dela aproximar-se por interesse e afinidades.<\/p><p>Apesar do sucesso de p\u00fablico e das gera\u00e7\u00f5es formadas nesse tempo, a cr\u00edtica (e n\u00e3o \u00e9 a especializada) ainda n\u00e3o se convenceu do quanto o SaLiPi \u00e9 fundamental para a afirma\u00e7\u00e3o positiva e construtiva da identidade piauiense. Muito mais do que um sal\u00e3o de livro, ou um acontecimento de linguagem, ele \u00e9 uma vitrine para a Hist\u00f3ria, as Artes Visuais, a M\u00fasica, a Dan\u00e7a, as Letras, para as mais variadas express\u00f5es criativas da cultura piauiense serem identificadas e reconhecidas pelo p\u00fablico al\u00e9m de nossas terras. Tanto que seu modelo tem ganhado for\u00e7a nas cidades do interior e multiplicado seu formato de compartilhamento democr\u00e1tico de saberes. O alento: um dia essas miudezas passar\u00e3o e o que o SaLiPi plantou, permanecer\u00e1.<\/p><p>Sempre marcando as grandes express\u00f5es do cen\u00e1rio local a edi\u00e7\u00e3o de 2017 traz o nome do historiador Odilon Nunes, homenageando-o tamb\u00e9m atrav\u00e9s de uma programa\u00e7\u00e3o espec\u00edfica cujo principal objetivo \u00e9 realizar um painel discursivo passando a historiografia local \u00e0 limpo, atualizando-a e analisando-a construtivamente. Al\u00e9m do Semin\u00e1rio L\u00edngua Viva, os palcos Marcos Peixoto e Helly Batista trar\u00e3o ao p\u00fablico as melhores atra\u00e7\u00f5es musicais e art\u00edsticas, celebrando toda a diversidade criativa e produzida por aqui.<\/p><p>Centen\u00e1rios marcantes s\u00e3o lembrados e comemorados nessa 15\u00aa edi\u00e7\u00e3o: o da exposi\u00e7\u00e3o revolucion\u00e1ria de Anita Malfatti, o da Academia Piauiense de Letras, referencial e baluarte maior de nossa Literatura, e o da primeira edi\u00e7\u00e3o da obra Zod\u00edaco, do poeta da cidade azul, Da Costa e Silva.<\/p><p>Eis agora em suas m\u00e3os o conte\u00fado dos melhores dias dessa aventura chamada \u201cSal\u00e3o do Livro do Piau\u00ed\u201d! Mergulhe sem medo e de cabe\u00e7a, curta intensamente cada momento, desfrute de cada canto da nossa cidade cultural.<\/p><p>Viva a melhor e maior festa do livro!<\/p><p><strong>Jasmine Ribeiro Malta<\/strong><\/p>\t\t\t\t\t\t\t\t<\/div>\n\t\t\t\t<\/div>\n\t\t\t\t\t<\/div>\n\t\t<\/div>\n\t\t\t\t\t<\/div>\n\t\t<\/section>\n\t\t\t\t<\/div>\n\t\t","protected":false},"excerpt":{"rendered":"<p>A hist\u00f3ria inteira come\u00e7ou quinze anos atr\u00e1s com quatro amigos do Livro, da Leitura, da L\u00edngua e da Literatura; e uma grande ideia a ser executada: o maior evento L\u00edtero-cultural do Piau\u00ed, a nossa Bienal do Livro! Os entraves: nenhum dinheiro no bolso, apenas alguns poucos amigos importantes, e todos vindos do interior. Mas a [&hellip;]<\/p>\n","protected":false},"author":1,"featured_media":0,"parent":0,"menu_order":0,"comment_status":"closed","ping_status":"closed","template":"","meta":{"footnotes":""},"class_list":["post-572","page","type-page","status-publish","hentry"],"acf":[],"yoast_head":"<!-- This site is optimized with the Yoast SEO plugin v25.6 - https:\/\/yoast.com\/wordpress\/plugins\/seo\/ -->\n<title>Hist\u00f3ria - 12\u00ba Sal\u00e3o do Livro de Valen\u00e7a do Piau\u00ed - SaLiVa<\/title>\n<meta name=\"robots\" content=\"index, follow, max-snippet:-1, max-image-preview:large, max-video-preview:-1\" \/>\n<link rel=\"canonical\" href=\"https:\/\/www.salivapi.com.br\/edicao2022\/a-fundacao\/\" \/>\n<meta property=\"og:locale\" content=\"pt_BR\" \/>\n<meta property=\"og:type\" content=\"article\" \/>\n<meta property=\"og:title\" content=\"Hist\u00f3ria - 12\u00ba Sal\u00e3o do Livro de Valen\u00e7a do Piau\u00ed - SaLiVa\" \/>\n<meta property=\"og:description\" content=\"A hist\u00f3ria inteira come\u00e7ou quinze anos atr\u00e1s com quatro amigos do Livro, da Leitura, da L\u00edngua e da Literatura; e uma grande ideia a ser executada: o maior evento L\u00edtero-cultural do Piau\u00ed, a nossa Bienal do Livro! Os entraves: nenhum dinheiro no bolso, apenas alguns poucos amigos importantes, e todos vindos do interior. Mas a [&hellip;]\" \/>\n<meta property=\"og:url\" content=\"https:\/\/www.salivapi.com.br\/edicao2022\/a-fundacao\/\" \/>\n<meta property=\"og:site_name\" content=\"12\u00ba Sal\u00e3o do Livro de Valen\u00e7a do Piau\u00ed - SaLiVa\" \/>\n<meta property=\"article:publisher\" content=\"https:\/\/www.facebook.com\/salaodolivrodopiaui\/\" \/>\n<meta property=\"article:modified_time\" content=\"2022-05-18T21:48:58+00:00\" \/>\n<meta property=\"og:image\" content=\"https:\/\/www.salivapi.com.br\/edicao2022\/wp-content\/uploads\/2021\/12\/linha-do-tempo-salipi.png\" \/>\n<meta name=\"twitter:card\" content=\"summary_large_image\" \/>\n<meta name=\"twitter:label1\" content=\"Est. tempo de leitura\" \/>\n\t<meta name=\"twitter:data1\" content=\"4 minutos\" \/>\n<script type=\"application\/ld+json\" class=\"yoast-schema-graph\">{\"@context\":\"https:\/\/schema.org\",\"@graph\":[{\"@type\":\"WebPage\",\"@id\":\"https:\/\/www.salivapi.com.br\/edicao2022\/a-fundacao\/\",\"url\":\"https:\/\/www.salivapi.com.br\/edicao2022\/a-fundacao\/\",\"name\":\"Hist\u00f3ria - 12\u00ba Sal\u00e3o do Livro de Valen\u00e7a do Piau\u00ed - SaLiVa\",\"isPartOf\":{\"@id\":\"https:\/\/www.salivapi.com.br\/edicao2022\/#website\"},\"primaryImageOfPage\":{\"@id\":\"https:\/\/www.salivapi.com.br\/edicao2022\/a-fundacao\/#primaryimage\"},\"image\":{\"@id\":\"https:\/\/www.salivapi.com.br\/edicao2022\/a-fundacao\/#primaryimage\"},\"thumbnailUrl\":\"https:\/\/www.salivapi.com.br\/edicao2022\/wp-content\/uploads\/2021\/12\/linha-do-tempo-salipi.png\",\"datePublished\":\"2021-10-10T18:21:10+00:00\",\"dateModified\":\"2022-05-18T21:48:58+00:00\",\"breadcrumb\":{\"@id\":\"https:\/\/www.salivapi.com.br\/edicao2022\/a-fundacao\/#breadcrumb\"},\"inLanguage\":\"pt-BR\",\"potentialAction\":[{\"@type\":\"ReadAction\",\"target\":[\"https:\/\/www.salivapi.com.br\/edicao2022\/a-fundacao\/\"]}]},{\"@type\":\"ImageObject\",\"inLanguage\":\"pt-BR\",\"@id\":\"https:\/\/www.salivapi.com.br\/edicao2022\/a-fundacao\/#primaryimage\",\"url\":\"https:\/\/www.salivapi.com.br\/edicao2022\/wp-content\/uploads\/2021\/12\/linha-do-tempo-salipi.png\",\"contentUrl\":\"https:\/\/www.salivapi.com.br\/edicao2022\/wp-content\/uploads\/2021\/12\/linha-do-tempo-salipi.png\"},{\"@type\":\"BreadcrumbList\",\"@id\":\"https:\/\/www.salivapi.com.br\/edicao2022\/a-fundacao\/#breadcrumb\",\"itemListElement\":[{\"@type\":\"ListItem\",\"position\":1,\"name\":\"In\u00edcio\",\"item\":\"https:\/\/www.salivapi.com.br\/edicao2022\/\"},{\"@type\":\"ListItem\",\"position\":2,\"name\":\"Hist\u00f3ria\"}]},{\"@type\":\"WebSite\",\"@id\":\"https:\/\/www.salivapi.com.br\/edicao2022\/#website\",\"url\":\"https:\/\/www.salivapi.com.br\/edicao2022\/\",\"name\":\"12\u00ba Sal\u00e3o do Livro de Valen\u00e7a do Piau\u00ed - SaLiVa\",\"description\":\"14 a 17 de setembro - Unidade Escolar Santo Ant\u00f4nio \u2013 UESA\",\"publisher\":{\"@id\":\"https:\/\/www.salivapi.com.br\/edicao2022\/#organization\"},\"potentialAction\":[{\"@type\":\"SearchAction\",\"target\":{\"@type\":\"EntryPoint\",\"urlTemplate\":\"https:\/\/www.salivapi.com.br\/edicao2022\/?s={search_term_string}\"},\"query-input\":{\"@type\":\"PropertyValueSpecification\",\"valueRequired\":true,\"valueName\":\"search_term_string\"}}],\"inLanguage\":\"pt-BR\"},{\"@type\":\"Organization\",\"@id\":\"https:\/\/www.salivapi.com.br\/edicao2022\/#organization\",\"name\":\"Sal\u00e3o do Livro de Valen\u00e7a do Piau\u00ed - SaLiVa\",\"url\":\"https:\/\/www.salivapi.com.br\/edicao2022\/\",\"logo\":{\"@type\":\"ImageObject\",\"inLanguage\":\"pt-BR\",\"@id\":\"https:\/\/www.salivapi.com.br\/edicao2022\/#\/schema\/logo\/image\/\",\"url\":\"https:\/\/www.salivapi.com.br\/edicao2022\/wp-content\/uploads\/2021\/10\/logomarca_saliva2022.png\",\"contentUrl\":\"https:\/\/www.salivapi.com.br\/edicao2022\/wp-content\/uploads\/2021\/10\/logomarca_saliva2022.png\",\"width\":400,\"height\":166,\"caption\":\"Sal\u00e3o do Livro de Valen\u00e7a do Piau\u00ed - SaLiVa\"},\"image\":{\"@id\":\"https:\/\/www.salivapi.com.br\/edicao2022\/#\/schema\/logo\/image\/\"},\"sameAs\":[\"https:\/\/www.facebook.com\/salaodolivrodopiaui\/\",\"https:\/\/www.instagram.com\/salaodolivrodopiaui\/\"]}]}<\/script>\n<!-- \/ Yoast SEO plugin. -->","yoast_head_json":{"title":"Hist\u00f3ria - 12\u00ba Sal\u00e3o do Livro de Valen\u00e7a do Piau\u00ed - SaLiVa","robots":{"index":"index","follow":"follow","max-snippet":"max-snippet:-1","max-image-preview":"max-image-preview:large","max-video-preview":"max-video-preview:-1"},"canonical":"https:\/\/www.salivapi.com.br\/edicao2022\/a-fundacao\/","og_locale":"pt_BR","og_type":"article","og_title":"Hist\u00f3ria - 12\u00ba Sal\u00e3o do Livro de Valen\u00e7a do Piau\u00ed - SaLiVa","og_description":"A hist\u00f3ria inteira come\u00e7ou quinze anos atr\u00e1s com quatro amigos do Livro, da Leitura, da L\u00edngua e da Literatura; e uma grande ideia a ser executada: o maior evento L\u00edtero-cultural do Piau\u00ed, a nossa Bienal do Livro! Os entraves: nenhum dinheiro no bolso, apenas alguns poucos amigos importantes, e todos vindos do interior. Mas a [&hellip;]","og_url":"https:\/\/www.salivapi.com.br\/edicao2022\/a-fundacao\/","og_site_name":"12\u00ba Sal\u00e3o do Livro de Valen\u00e7a do Piau\u00ed - SaLiVa","article_publisher":"https:\/\/www.facebook.com\/salaodolivrodopiaui\/","article_modified_time":"2022-05-18T21:48:58+00:00","og_image":[{"url":"https:\/\/www.salivapi.com.br\/edicao2022\/wp-content\/uploads\/2021\/12\/linha-do-tempo-salipi.png","type":"","width":"","height":""}],"twitter_card":"summary_large_image","twitter_misc":{"Est. tempo de leitura":"4 minutos"},"schema":{"@context":"https:\/\/schema.org","@graph":[{"@type":"WebPage","@id":"https:\/\/www.salivapi.com.br\/edicao2022\/a-fundacao\/","url":"https:\/\/www.salivapi.com.br\/edicao2022\/a-fundacao\/","name":"Hist\u00f3ria - 12\u00ba Sal\u00e3o do Livro de Valen\u00e7a do Piau\u00ed - SaLiVa","isPartOf":{"@id":"https:\/\/www.salivapi.com.br\/edicao2022\/#website"},"primaryImageOfPage":{"@id":"https:\/\/www.salivapi.com.br\/edicao2022\/a-fundacao\/#primaryimage"},"image":{"@id":"https:\/\/www.salivapi.com.br\/edicao2022\/a-fundacao\/#primaryimage"},"thumbnailUrl":"https:\/\/www.salivapi.com.br\/edicao2022\/wp-content\/uploads\/2021\/12\/linha-do-tempo-salipi.png","datePublished":"2021-10-10T18:21:10+00:00","dateModified":"2022-05-18T21:48:58+00:00","breadcrumb":{"@id":"https:\/\/www.salivapi.com.br\/edicao2022\/a-fundacao\/#breadcrumb"},"inLanguage":"pt-BR","potentialAction":[{"@type":"ReadAction","target":["https:\/\/www.salivapi.com.br\/edicao2022\/a-fundacao\/"]}]},{"@type":"ImageObject","inLanguage":"pt-BR","@id":"https:\/\/www.salivapi.com.br\/edicao2022\/a-fundacao\/#primaryimage","url":"https:\/\/www.salivapi.com.br\/edicao2022\/wp-content\/uploads\/2021\/12\/linha-do-tempo-salipi.png","contentUrl":"https:\/\/www.salivapi.com.br\/edicao2022\/wp-content\/uploads\/2021\/12\/linha-do-tempo-salipi.png"},{"@type":"BreadcrumbList","@id":"https:\/\/www.salivapi.com.br\/edicao2022\/a-fundacao\/#breadcrumb","itemListElement":[{"@type":"ListItem","position":1,"name":"In\u00edcio","item":"https:\/\/www.salivapi.com.br\/edicao2022\/"},{"@type":"ListItem","position":2,"name":"Hist\u00f3ria"}]},{"@type":"WebSite","@id":"https:\/\/www.salivapi.com.br\/edicao2022\/#website","url":"https:\/\/www.salivapi.com.br\/edicao2022\/","name":"12\u00ba Sal\u00e3o do Livro de Valen\u00e7a do Piau\u00ed - SaLiVa","description":"14 a 17 de setembro - Unidade Escolar Santo Ant\u00f4nio \u2013 UESA","publisher":{"@id":"https:\/\/www.salivapi.com.br\/edicao2022\/#organization"},"potentialAction":[{"@type":"SearchAction","target":{"@type":"EntryPoint","urlTemplate":"https:\/\/www.salivapi.com.br\/edicao2022\/?s={search_term_string}"},"query-input":{"@type":"PropertyValueSpecification","valueRequired":true,"valueName":"search_term_string"}}],"inLanguage":"pt-BR"},{"@type":"Organization","@id":"https:\/\/www.salivapi.com.br\/edicao2022\/#organization","name":"Sal\u00e3o do Livro de Valen\u00e7a do Piau\u00ed - SaLiVa","url":"https:\/\/www.salivapi.com.br\/edicao2022\/","logo":{"@type":"ImageObject","inLanguage":"pt-BR","@id":"https:\/\/www.salivapi.com.br\/edicao2022\/#\/schema\/logo\/image\/","url":"https:\/\/www.salivapi.com.br\/edicao2022\/wp-content\/uploads\/2021\/10\/logomarca_saliva2022.png","contentUrl":"https:\/\/www.salivapi.com.br\/edicao2022\/wp-content\/uploads\/2021\/10\/logomarca_saliva2022.png","width":400,"height":166,"caption":"Sal\u00e3o do Livro de Valen\u00e7a do Piau\u00ed - SaLiVa"},"image":{"@id":"https:\/\/www.salivapi.com.br\/edicao2022\/#\/schema\/logo\/image\/"},"sameAs":["https:\/\/www.facebook.com\/salaodolivrodopiaui\/","https:\/\/www.instagram.com\/salaodolivrodopiaui\/"]}]}},"_links":{"self":[{"href":"https:\/\/www.salivapi.com.br\/edicao2022\/wp-json\/wp\/v2\/pages\/572","targetHints":{"allow":["GET"]}}],"collection":[{"href":"https:\/\/www.salivapi.com.br\/edicao2022\/wp-json\/wp\/v2\/pages"}],"about":[{"href":"https:\/\/www.salivapi.com.br\/edicao2022\/wp-json\/wp\/v2\/types\/page"}],"author":[{"embeddable":true,"href":"https:\/\/www.salivapi.com.br\/edicao2022\/wp-json\/wp\/v2\/users\/1"}],"replies":[{"embeddable":true,"href":"https:\/\/www.salivapi.com.br\/edicao2022\/wp-json\/wp\/v2\/comments?post=572"}],"version-history":[{"count":47,"href":"https:\/\/www.salivapi.com.br\/edicao2022\/wp-json\/wp\/v2\/pages\/572\/revisions"}],"predecessor-version":[{"id":3015,"href":"https:\/\/www.salivapi.com.br\/edicao2022\/wp-json\/wp\/v2\/pages\/572\/revisions\/3015"}],"wp:attachment":[{"href":"https:\/\/www.salivapi.com.br\/edicao2022\/wp-json\/wp\/v2\/media?parent=572"}],"curies":[{"name":"wp","href":"https:\/\/api.w.org\/{rel}","templated":true}]}}