{"id":524,"date":"2021-10-10T11:38:13","date_gmt":"2021-10-10T14:38:13","guid":{"rendered":"https:\/\/www.salivapi.com.br\/edicao2022\/?page_id=524"},"modified":"2021-12-07T07:42:32","modified_gmt":"2021-12-07T10:42:32","slug":"fale-conosco","status":"publish","type":"page","link":"https:\/\/www.salivapi.com.br\/edicao2022\/fale-conosco\/","title":{"rendered":"Fale Conosco"},"content":{"rendered":"\t\t<div data-elementor-type=\"wp-page\" data-elementor-id=\"524\" class=\"elementor elementor-524\" data-elementor-post-type=\"page\">\n\t\t\t\t\t\t<section class=\"elementor-section elementor-top-section elementor-element elementor-element-ee3623d elementor-section-boxed elementor-section-height-default elementor-section-height-default\" data-id=\"ee3623d\" data-element_type=\"section\">\n\t\t\t\t\t\t<div class=\"elementor-container elementor-column-gap-default\">\n\t\t\t\t\t<div class=\"elementor-column elementor-col-100 elementor-top-column elementor-element elementor-element-2a7b5f6\" data-id=\"2a7b5f6\" data-element_type=\"column\">\n\t\t\t<div class=\"elementor-widget-wrap elementor-element-populated\">\n\t\t\t\t\t\t<div class=\"elementor-element elementor-element-cc68961 elementor-widget elementor-widget-text-editor\" data-id=\"cc68961\" data-element_type=\"widget\" data-widget_type=\"text-editor.default\">\n\t\t\t\t<div class=\"elementor-widget-container\">\n\t\t\t\t\t\t\t\t\t<p>Quer saber mais sobre o evento ou falar com a nossa equipe? Mande uma mensagem, responderemos o quanto antes.\u00a0<\/p>\t\t\t\t\t\t\t\t<\/div>\n\t\t\t\t<\/div>\n\t\t\t\t\t<\/div>\n\t\t<\/div>\n\t\t\t\t\t<\/div>\n\t\t<\/section>\n\t\t\t\t<section class=\"elementor-section elementor-top-section elementor-element elementor-element-c802dfd elementor-section-boxed elementor-section-height-default elementor-section-height-default\" data-id=\"c802dfd\" data-element_type=\"section\">\n\t\t\t\t\t\t<div class=\"elementor-container elementor-column-gap-default\">\n\t\t\t\t\t<div class=\"elementor-column elementor-col-50 elementor-top-column elementor-element elementor-element-ada204f\" data-id=\"ada204f\" data-element_type=\"column\">\n\t\t\t<div class=\"elementor-widget-wrap elementor-element-populated\">\n\t\t\t\t\t\t<div class=\"elementor-element elementor-element-a86fcfa elementor-widget elementor-widget-text-editor\" data-id=\"a86fcfa\" data-element_type=\"widget\" data-widget_type=\"text-editor.default\">\n\t\t\t\t<div class=\"elementor-widget-container\">\n\t\t\t\t\t\t\t\t\t<p>\n<div class=\"wpcf7 no-js\" id=\"wpcf7-f533-o1\" lang=\"pt-BR\" dir=\"ltr\" data-wpcf7-id=\"533\">\n<div class=\"screen-reader-response\"><p role=\"status\" aria-live=\"polite\" aria-atomic=\"true\"><\/p> <ul><\/ul><\/div>\n<form action=\"\/edicao2022\/wp-json\/wp\/v2\/pages\/524#wpcf7-f533-o1\" method=\"post\" class=\"wpcf7-form init\" aria-label=\"Formul\u00e1rios de contato\" novalidate=\"novalidate\" data-status=\"init\">\n<fieldset class=\"hidden-fields-container\"><input type=\"hidden\" name=\"_wpcf7\" value=\"533\" \/><input type=\"hidden\" name=\"_wpcf7_version\" value=\"6.1\" \/><input type=\"hidden\" name=\"_wpcf7_locale\" value=\"pt_BR\" \/><input type=\"hidden\" name=\"_wpcf7_unit_tag\" value=\"wpcf7-f533-o1\" \/><input type=\"hidden\" name=\"_wpcf7_container_post\" value=\"0\" \/><input type=\"hidden\" name=\"_wpcf7_posted_data_hash\" value=\"\" \/><input type=\"hidden\" name=\"_wpcf7_recaptcha_response\" value=\"\" \/>\n<\/fieldset>\n<p><label> Seu nome<br \/>\n<span class=\"wpcf7-form-control-wrap\" data-name=\"your-name\"><input size=\"40\" maxlength=\"400\" class=\"wpcf7-form-control wpcf7-text wpcf7-validates-as-required\" aria-required=\"true\" aria-invalid=\"false\" value=\"\" type=\"text\" name=\"your-name\" \/><\/span> <\/label>\n<\/p>\n<p><label> Seu e-mail<br \/>\n<span class=\"wpcf7-form-control-wrap\" data-name=\"your-email\"><input size=\"40\" maxlength=\"400\" class=\"wpcf7-form-control wpcf7-email wpcf7-validates-as-required wpcf7-text wpcf7-validates-as-email\" aria-required=\"true\" aria-invalid=\"false\" value=\"\" type=\"email\" name=\"your-email\" \/><\/span> <\/label>\n<\/p>\n<p><label> Assunto<br \/>\n<span class=\"wpcf7-form-control-wrap\" data-name=\"your-subject\"><input size=\"40\" maxlength=\"400\" class=\"wpcf7-form-control wpcf7-text wpcf7-validates-as-required\" aria-required=\"true\" aria-invalid=\"false\" value=\"\" type=\"text\" name=\"your-subject\" \/><\/span> <\/label>\n<\/p>\n<p><label> Sua mensagem (opcional)<br \/>\n<span class=\"wpcf7-form-control-wrap\" data-name=\"your-message\"><textarea cols=\"40\" rows=\"10\" maxlength=\"2000\" class=\"wpcf7-form-control wpcf7-textarea\" aria-invalid=\"false\" name=\"your-message\"><\/textarea><\/span> <\/label>\n<\/p>\n<p><input class=\"wpcf7-form-control wpcf7-submit has-spinner\" type=\"submit\" value=\"Enviar\" \/>\n<\/p><div class=\"wpcf7-response-output\" aria-hidden=\"true\"><\/div>\n<\/form>\n<\/div>\n<\/p>\t\t\t\t\t\t\t\t<\/div>\n\t\t\t\t<\/div>\n\t\t\t\t\t<\/div>\n\t\t<\/div>\n\t\t\t\t<div class=\"elementor-column elementor-col-50 elementor-top-column elementor-element elementor-element-2a4dc38\" data-id=\"2a4dc38\" data-element_type=\"column\">\n\t\t\t<div class=\"elementor-widget-wrap elementor-element-populated\">\n\t\t\t\t\t\t<div class=\"elementor-element elementor-element-43f9e6d elementor-widget elementor-widget-text-editor\" data-id=\"43f9e6d\" data-element_type=\"widget\" data-widget_type=\"text-editor.default\">\n\t\t\t\t<div class=\"elementor-widget-container\">\n\t\t\t\t\t\t\t\t\t<h3><strong>Funda\u00e7\u00e3o Quixote<\/strong><\/h3><p>R. David Caldas, 231 &#8211; Centro (Sul), Teresina &#8211; PI, 64001-190<\/p><p><strong>DIRETORIA DA FUNDA\u00c7\u00c3O QUIXOTE<br \/><\/strong><strong>QUADRI\u00caNIO 2017-2020<br \/><\/strong><strong>Ficha T\u00e9cnica<\/strong><\/p><p>K\u00e1ssio Fernando da Silva Gomes<br \/>\u2013 Presidente \u2013<\/p><p>Sandra Maria Nogueira Cruz<br \/>\u2013 Vice-Presidente \u2013<\/p><p>Karoline Mendes de Sousa<br \/>\u2013 Secret\u00e1ria \u2013<\/p><p>Edilva Barbosa da Silva Lima<br \/>\u2013 Tesoureira \u2013<\/p><p><strong>Conselho Fiscal<\/strong><\/p><p><strong>Membros Titulares:<\/strong><\/p><p>Gisleno Feitosa<br \/>Fabiana de Sousa Ferreira Brito<br \/>Samya Patr\u00edcia Silva de Almeida<\/p><p><strong>Membros Suplentes:<\/strong><\/p><p>Jos\u00e9 Magno de Sousa Vieira<br \/>Lanna Caroline Silva de Almeida<br \/>Jefferson William Barbosa de Freitas Lima<\/p><p><strong>S\u00f3cios-Fundadores em atividade no SaLiPi<\/strong><\/p><p>Luiz Romero Lima<br \/>Cineas das Chagas Santos<\/p>\t\t\t\t\t\t\t\t<\/div>\n\t\t\t\t<\/div>\n\t\t\t\t\t<\/div>\n\t\t<\/div>\n\t\t\t\t\t<\/div>\n\t\t<\/section>\n\t\t\t\t<\/div>\n\t\t","protected":false},"excerpt":{"rendered":"<p>Quer saber mais sobre o evento ou falar com a nossa equipe? Mande uma mensagem, responderemos o quanto antes.\u00a0 Funda\u00e7\u00e3o Quixote R. David Caldas, 231 &#8211; Centro (Sul), Teresina &#8211; PI, 64001-190 DIRETORIA DA FUNDA\u00c7\u00c3O QUIXOTEQUADRI\u00caNIO 2017-2020Ficha T\u00e9cnica K\u00e1ssio Fernando da Silva Gomes\u2013 Presidente \u2013 Sandra Maria Nogueira Cruz\u2013 Vice-Presidente \u2013 Karoline Mendes de Sousa\u2013 [&hellip;]<\/p>\n","protected":false},"author":1,"featured_media":0,"parent":0,"menu_order":0,"comment_status":"closed","ping_status":"closed","template":"","meta":{"footnotes":""},"class_list":["post-524","page","type-page","status-publish","hentry"],"acf":[],"yoast_head":"<!-- This site is optimized with the Yoast SEO plugin v25.6 - https:\/\/yoast.com\/wordpress\/plugins\/seo\/ -->\n<title>Fale Conosco - 12\u00ba Sal\u00e3o do Livro de Valen\u00e7a do Piau\u00ed - SaLiVa<\/title>\n<meta name=\"robots\" content=\"index, follow, max-snippet:-1, max-image-preview:large, max-video-preview:-1\" \/>\n<link rel=\"canonical\" href=\"https:\/\/www.salivapi.com.br\/edicao2022\/fale-conosco\/\" \/>\n<meta property=\"og:locale\" content=\"pt_BR\" \/>\n<meta property=\"og:type\" content=\"article\" \/>\n<meta property=\"og:title\" content=\"Fale Conosco - 12\u00ba Sal\u00e3o do Livro de Valen\u00e7a do Piau\u00ed - SaLiVa\" \/>\n<meta property=\"og:description\" content=\"Quer saber mais sobre o evento ou falar com a nossa equipe? Mande uma mensagem, responderemos o quanto antes.\u00a0 Funda\u00e7\u00e3o Quixote R. David Caldas, 231 &#8211; Centro (Sul), Teresina &#8211; PI, 64001-190 DIRETORIA DA FUNDA\u00c7\u00c3O QUIXOTEQUADRI\u00caNIO 2017-2020Ficha T\u00e9cnica K\u00e1ssio Fernando da Silva Gomes\u2013 Presidente \u2013 Sandra Maria Nogueira Cruz\u2013 Vice-Presidente \u2013 Karoline Mendes de Sousa\u2013 [&hellip;]\" \/>\n<meta property=\"og:url\" content=\"https:\/\/www.salivapi.com.br\/edicao2022\/fale-conosco\/\" \/>\n<meta property=\"og:site_name\" content=\"12\u00ba Sal\u00e3o do Livro de Valen\u00e7a do Piau\u00ed - SaLiVa\" \/>\n<meta property=\"article:publisher\" content=\"https:\/\/www.facebook.com\/salaodolivrodopiaui\/\" \/>\n<meta property=\"article:modified_time\" content=\"2021-12-07T10:42:32+00:00\" \/>\n<meta name=\"twitter:card\" content=\"summary_large_image\" \/>\n<meta name=\"twitter:label1\" content=\"Est. tempo de leitura\" \/>\n\t<meta name=\"twitter:data1\" content=\"1 minuto\" \/>\n<script type=\"application\/ld+json\" class=\"yoast-schema-graph\">{\"@context\":\"https:\/\/schema.org\",\"@graph\":[{\"@type\":\"WebPage\",\"@id\":\"https:\/\/www.salivapi.com.br\/edicao2022\/fale-conosco\/\",\"url\":\"https:\/\/www.salivapi.com.br\/edicao2022\/fale-conosco\/\",\"name\":\"Fale Conosco - 12\u00ba Sal\u00e3o do Livro de Valen\u00e7a do Piau\u00ed - SaLiVa\",\"isPartOf\":{\"@id\":\"https:\/\/www.salivapi.com.br\/edicao2022\/#website\"},\"datePublished\":\"2021-10-10T14:38:13+00:00\",\"dateModified\":\"2021-12-07T10:42:32+00:00\",\"breadcrumb\":{\"@id\":\"https:\/\/www.salivapi.com.br\/edicao2022\/fale-conosco\/#breadcrumb\"},\"inLanguage\":\"pt-BR\",\"potentialAction\":[{\"@type\":\"ReadAction\",\"target\":[\"https:\/\/www.salivapi.com.br\/edicao2022\/fale-conosco\/\"]}]},{\"@type\":\"BreadcrumbList\",\"@id\":\"https:\/\/www.salivapi.com.br\/edicao2022\/fale-conosco\/#breadcrumb\",\"itemListElement\":[{\"@type\":\"ListItem\",\"position\":1,\"name\":\"In\u00edcio\",\"item\":\"https:\/\/www.salivapi.com.br\/edicao2022\/\"},{\"@type\":\"ListItem\",\"position\":2,\"name\":\"Fale Conosco\"}]},{\"@type\":\"WebSite\",\"@id\":\"https:\/\/www.salivapi.com.br\/edicao2022\/#website\",\"url\":\"https:\/\/www.salivapi.com.br\/edicao2022\/\",\"name\":\"12\u00ba Sal\u00e3o do Livro de Valen\u00e7a do Piau\u00ed - SaLiVa\",\"description\":\"14 a 17 de setembro - Unidade Escolar Santo Ant\u00f4nio \u2013 UESA\",\"publisher\":{\"@id\":\"https:\/\/www.salivapi.com.br\/edicao2022\/#organization\"},\"potentialAction\":[{\"@type\":\"SearchAction\",\"target\":{\"@type\":\"EntryPoint\",\"urlTemplate\":\"https:\/\/www.salivapi.com.br\/edicao2022\/?s={search_term_string}\"},\"query-input\":{\"@type\":\"PropertyValueSpecification\",\"valueRequired\":true,\"valueName\":\"search_term_string\"}}],\"inLanguage\":\"pt-BR\"},{\"@type\":\"Organization\",\"@id\":\"https:\/\/www.salivapi.com.br\/edicao2022\/#organization\",\"name\":\"Sal\u00e3o do Livro de Valen\u00e7a do Piau\u00ed - SaLiVa\",\"url\":\"https:\/\/www.salivapi.com.br\/edicao2022\/\",\"logo\":{\"@type\":\"ImageObject\",\"inLanguage\":\"pt-BR\",\"@id\":\"https:\/\/www.salivapi.com.br\/edicao2022\/#\/schema\/logo\/image\/\",\"url\":\"https:\/\/www.salivapi.com.br\/edicao2022\/wp-content\/uploads\/2021\/10\/logomarca_saliva2022.png\",\"contentUrl\":\"https:\/\/www.salivapi.com.br\/edicao2022\/wp-content\/uploads\/2021\/10\/logomarca_saliva2022.png\",\"width\":400,\"height\":166,\"caption\":\"Sal\u00e3o do Livro de Valen\u00e7a do Piau\u00ed - SaLiVa\"},\"image\":{\"@id\":\"https:\/\/www.salivapi.com.br\/edicao2022\/#\/schema\/logo\/image\/\"},\"sameAs\":[\"https:\/\/www.facebook.com\/salaodolivrodopiaui\/\",\"https:\/\/www.instagram.com\/salaodolivrodopiaui\/\"]}]}<\/script>\n<!-- \/ Yoast SEO plugin. -->","yoast_head_json":{"title":"Fale Conosco - 12\u00ba Sal\u00e3o do Livro de Valen\u00e7a do Piau\u00ed - SaLiVa","robots":{"index":"index","follow":"follow","max-snippet":"max-snippet:-1","max-image-preview":"max-image-preview:large","max-video-preview":"max-video-preview:-1"},"canonical":"https:\/\/www.salivapi.com.br\/edicao2022\/fale-conosco\/","og_locale":"pt_BR","og_type":"article","og_title":"Fale Conosco - 12\u00ba Sal\u00e3o do Livro de Valen\u00e7a do Piau\u00ed - SaLiVa","og_description":"Quer saber mais sobre o evento ou falar com a nossa equipe? Mande uma mensagem, responderemos o quanto antes.\u00a0 Funda\u00e7\u00e3o Quixote R. David Caldas, 231 &#8211; Centro (Sul), Teresina &#8211; PI, 64001-190 DIRETORIA DA FUNDA\u00c7\u00c3O QUIXOTEQUADRI\u00caNIO 2017-2020Ficha T\u00e9cnica K\u00e1ssio Fernando da Silva Gomes\u2013 Presidente \u2013 Sandra Maria Nogueira Cruz\u2013 Vice-Presidente \u2013 Karoline Mendes de Sousa\u2013 [&hellip;]","og_url":"https:\/\/www.salivapi.com.br\/edicao2022\/fale-conosco\/","og_site_name":"12\u00ba Sal\u00e3o do Livro de Valen\u00e7a do Piau\u00ed - SaLiVa","article_publisher":"https:\/\/www.facebook.com\/salaodolivrodopiaui\/","article_modified_time":"2021-12-07T10:42:32+00:00","twitter_card":"summary_large_image","twitter_misc":{"Est. tempo de leitura":"1 minuto"},"schema":{"@context":"https:\/\/schema.org","@graph":[{"@type":"WebPage","@id":"https:\/\/www.salivapi.com.br\/edicao2022\/fale-conosco\/","url":"https:\/\/www.salivapi.com.br\/edicao2022\/fale-conosco\/","name":"Fale Conosco - 12\u00ba Sal\u00e3o do Livro de Valen\u00e7a do Piau\u00ed - SaLiVa","isPartOf":{"@id":"https:\/\/www.salivapi.com.br\/edicao2022\/#website"},"datePublished":"2021-10-10T14:38:13+00:00","dateModified":"2021-12-07T10:42:32+00:00","breadcrumb":{"@id":"https:\/\/www.salivapi.com.br\/edicao2022\/fale-conosco\/#breadcrumb"},"inLanguage":"pt-BR","potentialAction":[{"@type":"ReadAction","target":["https:\/\/www.salivapi.com.br\/edicao2022\/fale-conosco\/"]}]},{"@type":"BreadcrumbList","@id":"https:\/\/www.salivapi.com.br\/edicao2022\/fale-conosco\/#breadcrumb","itemListElement":[{"@type":"ListItem","position":1,"name":"In\u00edcio","item":"https:\/\/www.salivapi.com.br\/edicao2022\/"},{"@type":"ListItem","position":2,"name":"Fale Conosco"}]},{"@type":"WebSite","@id":"https:\/\/www.salivapi.com.br\/edicao2022\/#website","url":"https:\/\/www.salivapi.com.br\/edicao2022\/","name":"12\u00ba Sal\u00e3o do Livro de Valen\u00e7a do Piau\u00ed - SaLiVa","description":"14 a 17 de setembro - Unidade Escolar Santo Ant\u00f4nio \u2013 UESA","publisher":{"@id":"https:\/\/www.salivapi.com.br\/edicao2022\/#organization"},"potentialAction":[{"@type":"SearchAction","target":{"@type":"EntryPoint","urlTemplate":"https:\/\/www.salivapi.com.br\/edicao2022\/?s={search_term_string}"},"query-input":{"@type":"PropertyValueSpecification","valueRequired":true,"valueName":"search_term_string"}}],"inLanguage":"pt-BR"},{"@type":"Organization","@id":"https:\/\/www.salivapi.com.br\/edicao2022\/#organization","name":"Sal\u00e3o do Livro de Valen\u00e7a do Piau\u00ed - SaLiVa","url":"https:\/\/www.salivapi.com.br\/edicao2022\/","logo":{"@type":"ImageObject","inLanguage":"pt-BR","@id":"https:\/\/www.salivapi.com.br\/edicao2022\/#\/schema\/logo\/image\/","url":"https:\/\/www.salivapi.com.br\/edicao2022\/wp-content\/uploads\/2021\/10\/logomarca_saliva2022.png","contentUrl":"https:\/\/www.salivapi.com.br\/edicao2022\/wp-content\/uploads\/2021\/10\/logomarca_saliva2022.png","width":400,"height":166,"caption":"Sal\u00e3o do Livro de Valen\u00e7a do Piau\u00ed - SaLiVa"},"image":{"@id":"https:\/\/www.salivapi.com.br\/edicao2022\/#\/schema\/logo\/image\/"},"sameAs":["https:\/\/www.facebook.com\/salaodolivrodopiaui\/","https:\/\/www.instagram.com\/salaodolivrodopiaui\/"]}]}},"_links":{"self":[{"href":"https:\/\/www.salivapi.com.br\/edicao2022\/wp-json\/wp\/v2\/pages\/524","targetHints":{"allow":["GET"]}}],"collection":[{"href":"https:\/\/www.salivapi.com.br\/edicao2022\/wp-json\/wp\/v2\/pages"}],"about":[{"href":"https:\/\/www.salivapi.com.br\/edicao2022\/wp-json\/wp\/v2\/types\/page"}],"author":[{"embeddable":true,"href":"https:\/\/www.salivapi.com.br\/edicao2022\/wp-json\/wp\/v2\/users\/1"}],"replies":[{"embeddable":true,"href":"https:\/\/www.salivapi.com.br\/edicao2022\/wp-json\/wp\/v2\/comments?post=524"}],"version-history":[{"count":64,"href":"https:\/\/www.salivapi.com.br\/edicao2022\/wp-json\/wp\/v2\/pages\/524\/revisions"}],"predecessor-version":[{"id":1904,"href":"https:\/\/www.salivapi.com.br\/edicao2022\/wp-json\/wp\/v2\/pages\/524\/revisions\/1904"}],"wp:attachment":[{"href":"https:\/\/www.salivapi.com.br\/edicao2022\/wp-json\/wp\/v2\/media?parent=524"}],"curies":[{"name":"wp","href":"https:\/\/api.w.org\/{rel}","templated":true}]}}