{"id":3203,"date":"2022-05-19T11:00:44","date_gmt":"2022-05-19T14:00:44","guid":{"rendered":"https:\/\/www.salivapi.com.br\/edicao2022\/politica-de-privacidade-copy\/"},"modified":"2022-05-19T11:02:11","modified_gmt":"2022-05-19T14:02:11","slug":"politica-de-cookies","status":"publish","type":"page","link":"https:\/\/www.salivapi.com.br\/edicao2022\/politica-de-cookies\/","title":{"rendered":"Pol\u00edtica de Cookies"},"content":{"rendered":"\n<p>Esta pol\u00edtica explica especificamente como n\u00f3s, nossos parceiros e usu\u00e1rios de nossos servi\u00e7os implementamos cookies, bem como as op\u00e7\u00f5es que voc\u00ea tem para control\u00e1-los.<\/p>\n\n\n\n<h4 class=\"wp-block-heading\">O que s\u00e3o&nbsp;<em>cookies<\/em>?<\/h4>\n\n\n\n<p>Cookies s\u00e3o pequenos peda\u00e7os de dados, armazenados em arquivos de texto, que s\u00e3o armazenados em seu computador ou outro dispositivo quando os sites s\u00e3o carregados em um navegador.&nbsp;Eles s\u00e3o amplamente usados \u200b\u200bpara \u201clembrar\u201d voc\u00ea e suas prefer\u00eancias, seja para uma \u00fanica visita (por meio de um \u201c<strong>cookie de sess\u00e3o<\/strong>\u201d) ou para v\u00e1rias visitas repetidas (usando um \u201c<strong>cookie persistente<\/strong>\u201d).<\/p>\n\n\n\n<p>Um&nbsp;<em>cookie&nbsp;<\/em>persistente ser\u00e1 armazenado por um navegador e permanecer\u00e1 v\u00e1lido at\u00e9 sua data de validade, salvo se deletado pelo usu\u00e1rio antes desta data. Um&nbsp;<em>cookie&nbsp;<\/em>de sess\u00e3o, por outro lado, ir\u00e1 expirar ao final de uma sess\u00e3o de navega\u00e7\u00e3o do usu\u00e1rio, quando o navegador \u00e9 encerrado.<\/p>\n\n\n\n<p>Eles garantem uma experi\u00eancia consistente e eficiente para os visitantes e desempenham fun\u00e7\u00f5es essenciais, como permitir que os usu\u00e1rios se registrem e permane\u00e7am conectados. Os cookies podem ser definidos pelo site que voc\u00ea est\u00e1 visitando (conhecidos como \u201ccookies prim\u00e1rios\u201d) ou por terceiros , como aqueles que veiculam conte\u00fado ou fornecem servi\u00e7os de publicidade ou anal\u00edtica no site (\u201ccookies de terceiros\u201d).<\/p>\n\n\n\n<h4 class=\"wp-block-heading\">Como usamos&nbsp;<em>cookies<\/em>?<\/h4>\n\n\n\n<p>Usamos&nbsp;<em>cookies<\/em>&nbsp;para v\u00e1rios fins diferentes.&nbsp;Alguns&nbsp;<em>cookies<\/em>&nbsp;s\u00e3o necess\u00e1rios por motivos t\u00e9cnicos;&nbsp;alguns permitem uma experi\u00eancia personalizada para visitantes e usu\u00e1rios registrados.<\/p>\n\n\n\n<p>N\u00e3o utilizamos&nbsp;<em>cookies<\/em>&nbsp;para exibi\u00e7\u00e3o de publicidade.<\/p>\n\n\n\n<p>Usamos&nbsp;<em>Cookies<\/em>&nbsp;e outras tecnologias com as seguintes finalidades:<\/p>\n\n\n\n<ul class=\"wp-block-list\"><li><strong>Autentica\u00e7\u00e3o:&nbsp;<\/strong>indica que o usu\u00e1rio est\u00e1 conectado, para que possamos oferecer os recursos apropriados, bem como entender como este utiliza e acessa a plataforma EventoGYN;<\/li><li><strong>Seguran\u00e7a e integridade:<\/strong>&nbsp;ajuda a manter a seguran\u00e7a dos servi\u00e7os, oferecendo suporte ou ativando recursos de seguran\u00e7a e ajudando a detectar atividades que violam nossas pol\u00edticas legais;<\/li><li><strong>Recursos e servi\u00e7os:<\/strong>&nbsp;ajuda a fornecer produtos e servi\u00e7os e conte\u00fado personalizado;<\/li><li><strong>Desempenho:<\/strong>&nbsp;ajuda a proporcionar a melhor experi\u00eancia poss\u00edvel, por exemplo, ajudando a rotear o tr\u00e1fego entre servidores e perceber com que velocidade o servi\u00e7o \u00e9 carregado para diferentes pessoas. Ocasionalmente, poder\u00e3o ser armazenadas informa\u00e7\u00f5es no navegador ou dispositivo para que os recursos em uso carreguem e respondam rapidamente.<\/li><\/ul>\n\n\n\n<p><em>Para obter mais informa\u00e7\u00f5es sobre as op\u00e7\u00f5es que voc\u00ea tem sobre os cookies que usamos, veja a se\u00e7\u00e3o&nbsp;<strong>Cookies de controle<\/strong>&nbsp;abaixo<\/em>.<\/p>\n\n\n\n<h4 class=\"wp-block-heading\"><em>Cookies<\/em>&nbsp;de controle<\/h4>\n\n\n\n<p>Os visitantes podem querer restringir o uso de cookies ou impedir completamente que sejam configurados.&nbsp;A maioria dos navegadores fornece maneiras de controlar o comportamento dos cookies, como o per\u00edodo em que s\u00e3o armazenados \u2013 por meio de funcionalidade integrada ou utilizando plug-ins de terceiros.&nbsp;Se voc\u00ea desabilitar os cookies,&nbsp;<strong><em>esteja ciente de que alguns dos recursos do nosso servi\u00e7o podem n\u00e3o funcionar corretamente<\/em><\/strong>.<\/p>\n\n\n\n<p>Para saber mais sobre como gerenciar e excluir cookies, veja a se\u00e7\u00e3o&nbsp;<strong><em>Como controlar cookies<\/em><\/strong>&nbsp;abaixo.<\/p>\n\n\n\n<h4 class=\"wp-block-heading\">Tecnologias de rastreamento<\/h4>\n\n\n\n<p>A EventoGYN poder\u00e1 utilizar outras tecnologias de rastreamento, como&nbsp;<em>web beacons<\/em>&nbsp;(\u00e0s vezes chamados de \u201cpixels de rastreamento\u201d, \u201cpixel tags\u201d ou \u201cgifs n\u00edtidos\u201d).&nbsp;<\/p>\n\n\n\n<p>Em muitos casos, essas tecnologias dependem dos&nbsp;<em>cookies<\/em>&nbsp;para funcionar corretamente.<\/p>\n\n\n\n<h4 class=\"wp-block-heading\">Disposi\u00e7\u00f5es finais<\/h4>\n\n\n\n<p>Ao navegar no site do Congresso e na plataforma EventoGYN contratada pelo&nbsp;<strong>CAJJC<\/strong>&nbsp;para realiza\u00e7\u00e3o dos servi\u00e7os de tecnologia para eventos, voc\u00ea aceita todo o disposto nesta Pol\u00edtica e demais pol\u00edticas legais que se encontram vigentes na data de acesso.<\/p>\n\n\n\n<p>Esta Pol\u00edtica de Cookies est\u00e1 sujeita a constante melhorias e aprimoramentos. Dessa forma, a<strong>\u00a0Funda\u00e7\u00e3o Quixote<\/strong>\u00a0se reserva o direito de modific\u00e1-la a qualquer momento, bem como para adequa\u00e7\u00e3o e conformidade legal de disposi\u00e7\u00e3o de lei ou norma que tenha for\u00e7a jur\u00eddica equivalente, cabendo aos usu\u00e1rios verific\u00e1-la sempre que efetuar o acesso ao nosso site.<\/p>\n\n\n\n<p>Sempre que poss\u00edvel, potenciais diverg\u00eancias entre o usu\u00e1rio (Participante) e <strong>a\u00a0Funda\u00e7\u00e3o Quixote<\/strong>\u00a0ser\u00e3o resolvidas de forma amig\u00e1vel. Quando todos os esfor\u00e7os neste sentido forem esgotados, voc\u00ea concorda, desde j\u00e1, que fica eleito o foro da comarca de Goi\u00e2nia, no Estado de Goi\u00e1s, para resolver controv\u00e9rsias ou queixas oriundas da utiliza\u00e7\u00e3o de nossa plataforma ou relacionadas a esta Pol\u00edtica de Cookies.<\/p>\n\n\n\n<h4 class=\"wp-block-heading\">Entre em contato conosco<\/h4>\n\n\n\n<p>Se voc\u00ea tiver alguma d\u00favida sobre nosso uso de cookies, pode entrar em contato conosco em\u00a0<em><strong>contato@salipi.com.br<\/strong><\/em>\u00a0ou\u00a0<strong><em>privacidade@eventogyn.com.br<\/em><\/strong>.<\/p>\n","protected":false},"excerpt":{"rendered":"<p>Esta pol\u00edtica explica especificamente como n\u00f3s, nossos parceiros e usu\u00e1rios de nossos servi\u00e7os implementamos cookies, bem como as op\u00e7\u00f5es que voc\u00ea tem para control\u00e1-los. O que s\u00e3o&nbsp;cookies? Cookies s\u00e3o pequenos peda\u00e7os de dados, armazenados em arquivos de texto, que s\u00e3o armazenados em seu computador ou outro dispositivo quando os sites s\u00e3o carregados em um navegador.&nbsp;Eles [&hellip;]<\/p>\n","protected":false},"author":1,"featured_media":0,"parent":0,"menu_order":0,"comment_status":"closed","ping_status":"open","template":"","meta":{"footnotes":""},"class_list":["post-3203","page","type-page","status-publish","hentry"],"acf":[],"yoast_head":"<!-- This site is optimized with the Yoast SEO plugin v25.6 - https:\/\/yoast.com\/wordpress\/plugins\/seo\/ -->\n<title>Pol\u00edtica de Cookies - 12\u00ba Sal\u00e3o do Livro de Valen\u00e7a do Piau\u00ed - SaLiVa<\/title>\n<meta name=\"robots\" content=\"index, follow, max-snippet:-1, max-image-preview:large, max-video-preview:-1\" \/>\n<link rel=\"canonical\" href=\"https:\/\/www.salivapi.com.br\/edicao2022\/politica-de-cookies\/\" \/>\n<meta property=\"og:locale\" content=\"pt_BR\" \/>\n<meta property=\"og:type\" content=\"article\" \/>\n<meta property=\"og:title\" content=\"Pol\u00edtica de Cookies - 12\u00ba Sal\u00e3o do Livro de Valen\u00e7a do Piau\u00ed - SaLiVa\" \/>\n<meta property=\"og:description\" content=\"Esta pol\u00edtica explica especificamente como n\u00f3s, nossos parceiros e usu\u00e1rios de nossos servi\u00e7os implementamos cookies, bem como as op\u00e7\u00f5es que voc\u00ea tem para control\u00e1-los. O que s\u00e3o&nbsp;cookies? Cookies s\u00e3o pequenos peda\u00e7os de dados, armazenados em arquivos de texto, que s\u00e3o armazenados em seu computador ou outro dispositivo quando os sites s\u00e3o carregados em um navegador.&nbsp;Eles [&hellip;]\" \/>\n<meta property=\"og:url\" content=\"https:\/\/www.salivapi.com.br\/edicao2022\/politica-de-cookies\/\" \/>\n<meta property=\"og:site_name\" content=\"12\u00ba Sal\u00e3o do Livro de Valen\u00e7a do Piau\u00ed - SaLiVa\" \/>\n<meta property=\"article:publisher\" content=\"https:\/\/www.facebook.com\/salaodolivrodopiaui\/\" \/>\n<meta property=\"article:modified_time\" content=\"2022-05-19T14:02:11+00:00\" \/>\n<meta name=\"twitter:card\" content=\"summary_large_image\" \/>\n<meta name=\"twitter:label1\" content=\"Est. tempo de leitura\" \/>\n\t<meta name=\"twitter:data1\" content=\"4 minutos\" \/>\n<script type=\"application\/ld+json\" class=\"yoast-schema-graph\">{\"@context\":\"https:\/\/schema.org\",\"@graph\":[{\"@type\":\"WebPage\",\"@id\":\"https:\/\/www.salivapi.com.br\/edicao2022\/politica-de-cookies\/\",\"url\":\"https:\/\/www.salivapi.com.br\/edicao2022\/politica-de-cookies\/\",\"name\":\"Pol\u00edtica de Cookies - 12\u00ba Sal\u00e3o do Livro de Valen\u00e7a do Piau\u00ed - SaLiVa\",\"isPartOf\":{\"@id\":\"https:\/\/www.salivapi.com.br\/edicao2022\/#website\"},\"datePublished\":\"2022-05-19T14:00:44+00:00\",\"dateModified\":\"2022-05-19T14:02:11+00:00\",\"breadcrumb\":{\"@id\":\"https:\/\/www.salivapi.com.br\/edicao2022\/politica-de-cookies\/#breadcrumb\"},\"inLanguage\":\"pt-BR\",\"potentialAction\":[{\"@type\":\"ReadAction\",\"target\":[\"https:\/\/www.salivapi.com.br\/edicao2022\/politica-de-cookies\/\"]}]},{\"@type\":\"BreadcrumbList\",\"@id\":\"https:\/\/www.salivapi.com.br\/edicao2022\/politica-de-cookies\/#breadcrumb\",\"itemListElement\":[{\"@type\":\"ListItem\",\"position\":1,\"name\":\"In\u00edcio\",\"item\":\"https:\/\/www.salivapi.com.br\/edicao2022\/\"},{\"@type\":\"ListItem\",\"position\":2,\"name\":\"Pol\u00edtica de Cookies\"}]},{\"@type\":\"WebSite\",\"@id\":\"https:\/\/www.salivapi.com.br\/edicao2022\/#website\",\"url\":\"https:\/\/www.salivapi.com.br\/edicao2022\/\",\"name\":\"12\u00ba Sal\u00e3o do Livro de Valen\u00e7a do Piau\u00ed - SaLiVa\",\"description\":\"14 a 17 de setembro - Unidade Escolar Santo Ant\u00f4nio \u2013 UESA\",\"publisher\":{\"@id\":\"https:\/\/www.salivapi.com.br\/edicao2022\/#organization\"},\"potentialAction\":[{\"@type\":\"SearchAction\",\"target\":{\"@type\":\"EntryPoint\",\"urlTemplate\":\"https:\/\/www.salivapi.com.br\/edicao2022\/?s={search_term_string}\"},\"query-input\":{\"@type\":\"PropertyValueSpecification\",\"valueRequired\":true,\"valueName\":\"search_term_string\"}}],\"inLanguage\":\"pt-BR\"},{\"@type\":\"Organization\",\"@id\":\"https:\/\/www.salivapi.com.br\/edicao2022\/#organization\",\"name\":\"Sal\u00e3o do Livro de Valen\u00e7a do Piau\u00ed - SaLiVa\",\"url\":\"https:\/\/www.salivapi.com.br\/edicao2022\/\",\"logo\":{\"@type\":\"ImageObject\",\"inLanguage\":\"pt-BR\",\"@id\":\"https:\/\/www.salivapi.com.br\/edicao2022\/#\/schema\/logo\/image\/\",\"url\":\"https:\/\/www.salivapi.com.br\/edicao2022\/wp-content\/uploads\/2021\/10\/logomarca_saliva2022.png\",\"contentUrl\":\"https:\/\/www.salivapi.com.br\/edicao2022\/wp-content\/uploads\/2021\/10\/logomarca_saliva2022.png\",\"width\":400,\"height\":166,\"caption\":\"Sal\u00e3o do Livro de Valen\u00e7a do Piau\u00ed - SaLiVa\"},\"image\":{\"@id\":\"https:\/\/www.salivapi.com.br\/edicao2022\/#\/schema\/logo\/image\/\"},\"sameAs\":[\"https:\/\/www.facebook.com\/salaodolivrodopiaui\/\",\"https:\/\/www.instagram.com\/salaodolivrodopiaui\/\"]}]}<\/script>\n<!-- \/ Yoast SEO plugin. -->","yoast_head_json":{"title":"Pol\u00edtica de Cookies - 12\u00ba Sal\u00e3o do Livro de Valen\u00e7a do Piau\u00ed - SaLiVa","robots":{"index":"index","follow":"follow","max-snippet":"max-snippet:-1","max-image-preview":"max-image-preview:large","max-video-preview":"max-video-preview:-1"},"canonical":"https:\/\/www.salivapi.com.br\/edicao2022\/politica-de-cookies\/","og_locale":"pt_BR","og_type":"article","og_title":"Pol\u00edtica de Cookies - 12\u00ba Sal\u00e3o do Livro de Valen\u00e7a do Piau\u00ed - SaLiVa","og_description":"Esta pol\u00edtica explica especificamente como n\u00f3s, nossos parceiros e usu\u00e1rios de nossos servi\u00e7os implementamos cookies, bem como as op\u00e7\u00f5es que voc\u00ea tem para control\u00e1-los. O que s\u00e3o&nbsp;cookies? Cookies s\u00e3o pequenos peda\u00e7os de dados, armazenados em arquivos de texto, que s\u00e3o armazenados em seu computador ou outro dispositivo quando os sites s\u00e3o carregados em um navegador.&nbsp;Eles [&hellip;]","og_url":"https:\/\/www.salivapi.com.br\/edicao2022\/politica-de-cookies\/","og_site_name":"12\u00ba Sal\u00e3o do Livro de Valen\u00e7a do Piau\u00ed - SaLiVa","article_publisher":"https:\/\/www.facebook.com\/salaodolivrodopiaui\/","article_modified_time":"2022-05-19T14:02:11+00:00","twitter_card":"summary_large_image","twitter_misc":{"Est. tempo de leitura":"4 minutos"},"schema":{"@context":"https:\/\/schema.org","@graph":[{"@type":"WebPage","@id":"https:\/\/www.salivapi.com.br\/edicao2022\/politica-de-cookies\/","url":"https:\/\/www.salivapi.com.br\/edicao2022\/politica-de-cookies\/","name":"Pol\u00edtica de Cookies - 12\u00ba Sal\u00e3o do Livro de Valen\u00e7a do Piau\u00ed - SaLiVa","isPartOf":{"@id":"https:\/\/www.salivapi.com.br\/edicao2022\/#website"},"datePublished":"2022-05-19T14:00:44+00:00","dateModified":"2022-05-19T14:02:11+00:00","breadcrumb":{"@id":"https:\/\/www.salivapi.com.br\/edicao2022\/politica-de-cookies\/#breadcrumb"},"inLanguage":"pt-BR","potentialAction":[{"@type":"ReadAction","target":["https:\/\/www.salivapi.com.br\/edicao2022\/politica-de-cookies\/"]}]},{"@type":"BreadcrumbList","@id":"https:\/\/www.salivapi.com.br\/edicao2022\/politica-de-cookies\/#breadcrumb","itemListElement":[{"@type":"ListItem","position":1,"name":"In\u00edcio","item":"https:\/\/www.salivapi.com.br\/edicao2022\/"},{"@type":"ListItem","position":2,"name":"Pol\u00edtica de Cookies"}]},{"@type":"WebSite","@id":"https:\/\/www.salivapi.com.br\/edicao2022\/#website","url":"https:\/\/www.salivapi.com.br\/edicao2022\/","name":"12\u00ba Sal\u00e3o do Livro de Valen\u00e7a do Piau\u00ed - SaLiVa","description":"14 a 17 de setembro - Unidade Escolar Santo Ant\u00f4nio \u2013 UESA","publisher":{"@id":"https:\/\/www.salivapi.com.br\/edicao2022\/#organization"},"potentialAction":[{"@type":"SearchAction","target":{"@type":"EntryPoint","urlTemplate":"https:\/\/www.salivapi.com.br\/edicao2022\/?s={search_term_string}"},"query-input":{"@type":"PropertyValueSpecification","valueRequired":true,"valueName":"search_term_string"}}],"inLanguage":"pt-BR"},{"@type":"Organization","@id":"https:\/\/www.salivapi.com.br\/edicao2022\/#organization","name":"Sal\u00e3o do Livro de Valen\u00e7a do Piau\u00ed - SaLiVa","url":"https:\/\/www.salivapi.com.br\/edicao2022\/","logo":{"@type":"ImageObject","inLanguage":"pt-BR","@id":"https:\/\/www.salivapi.com.br\/edicao2022\/#\/schema\/logo\/image\/","url":"https:\/\/www.salivapi.com.br\/edicao2022\/wp-content\/uploads\/2021\/10\/logomarca_saliva2022.png","contentUrl":"https:\/\/www.salivapi.com.br\/edicao2022\/wp-content\/uploads\/2021\/10\/logomarca_saliva2022.png","width":400,"height":166,"caption":"Sal\u00e3o do Livro de Valen\u00e7a do Piau\u00ed - SaLiVa"},"image":{"@id":"https:\/\/www.salivapi.com.br\/edicao2022\/#\/schema\/logo\/image\/"},"sameAs":["https:\/\/www.facebook.com\/salaodolivrodopiaui\/","https:\/\/www.instagram.com\/salaodolivrodopiaui\/"]}]}},"_links":{"self":[{"href":"https:\/\/www.salivapi.com.br\/edicao2022\/wp-json\/wp\/v2\/pages\/3203","targetHints":{"allow":["GET"]}}],"collection":[{"href":"https:\/\/www.salivapi.com.br\/edicao2022\/wp-json\/wp\/v2\/pages"}],"about":[{"href":"https:\/\/www.salivapi.com.br\/edicao2022\/wp-json\/wp\/v2\/types\/page"}],"author":[{"embeddable":true,"href":"https:\/\/www.salivapi.com.br\/edicao2022\/wp-json\/wp\/v2\/users\/1"}],"replies":[{"embeddable":true,"href":"https:\/\/www.salivapi.com.br\/edicao2022\/wp-json\/wp\/v2\/comments?post=3203"}],"version-history":[{"count":2,"href":"https:\/\/www.salivapi.com.br\/edicao2022\/wp-json\/wp\/v2\/pages\/3203\/revisions"}],"predecessor-version":[{"id":3206,"href":"https:\/\/www.salivapi.com.br\/edicao2022\/wp-json\/wp\/v2\/pages\/3203\/revisions\/3206"}],"wp:attachment":[{"href":"https:\/\/www.salivapi.com.br\/edicao2022\/wp-json\/wp\/v2\/media?parent=3203"}],"curies":[{"name":"wp","href":"https:\/\/api.w.org\/{rel}","templated":true}]}}