{"id":1972,"date":"2021-12-10T17:37:56","date_gmt":"2021-12-10T20:37:56","guid":{"rendered":"https:\/\/www.salivapi.com.br\/edicao2022\/?page_id=1972"},"modified":"2022-05-18T18:46:00","modified_gmt":"2022-05-18T21:46:00","slug":"praca-assis-brasil","status":"publish","type":"page","link":"https:\/\/www.salivapi.com.br\/edicao2022\/praca-assis-brasil\/","title":{"rendered":"Pra\u00e7a Assis Brasil"},"content":{"rendered":"","protected":false},"excerpt":{"rendered":"","protected":false},"author":1,"featured_media":0,"parent":0,"menu_order":0,"comment_status":"closed","ping_status":"closed","template":"","meta":{"footnotes":""},"class_list":["post-1972","page","type-page","status-publish","hentry"],"acf":[],"yoast_head":"<!-- This site is optimized with the Yoast SEO plugin v25.6 - https:\/\/yoast.com\/wordpress\/plugins\/seo\/ -->\n<title>Pra\u00e7a Assis Brasil - 12\u00ba Sal\u00e3o do Livro de Valen\u00e7a do Piau\u00ed - SaLiVa<\/title>\n<meta name=\"robots\" content=\"index, follow, max-snippet:-1, max-image-preview:large, max-video-preview:-1\" \/>\n<link rel=\"canonical\" href=\"https:\/\/www.salivapi.com.br\/edicao2022\/praca-assis-brasil\/\" \/>\n<meta property=\"og:locale\" content=\"pt_BR\" \/>\n<meta property=\"og:type\" content=\"article\" \/>\n<meta property=\"og:title\" content=\"Pra\u00e7a Assis Brasil - 12\u00ba Sal\u00e3o do Livro de Valen\u00e7a do Piau\u00ed - SaLiVa\" \/>\n<meta property=\"og:url\" content=\"https:\/\/www.salivapi.com.br\/edicao2022\/praca-assis-brasil\/\" \/>\n<meta property=\"og:site_name\" content=\"12\u00ba Sal\u00e3o do Livro de Valen\u00e7a do Piau\u00ed - SaLiVa\" \/>\n<meta property=\"article:publisher\" content=\"https:\/\/www.facebook.com\/salaodolivrodopiaui\/\" \/>\n<meta property=\"article:modified_time\" content=\"2022-05-18T21:46:00+00:00\" \/>\n<meta name=\"twitter:card\" content=\"summary_large_image\" \/>\n<script type=\"application\/ld+json\" class=\"yoast-schema-graph\">{\"@context\":\"https:\/\/schema.org\",\"@graph\":[{\"@type\":\"WebPage\",\"@id\":\"https:\/\/www.salivapi.com.br\/edicao2022\/praca-assis-brasil\/\",\"url\":\"https:\/\/www.salivapi.com.br\/edicao2022\/praca-assis-brasil\/\",\"name\":\"Pra\u00e7a Assis Brasil - 12\u00ba Sal\u00e3o do Livro de Valen\u00e7a do Piau\u00ed - SaLiVa\",\"isPartOf\":{\"@id\":\"https:\/\/www.salivapi.com.br\/edicao2022\/#website\"},\"datePublished\":\"2021-12-10T20:37:56+00:00\",\"dateModified\":\"2022-05-18T21:46:00+00:00\",\"breadcrumb\":{\"@id\":\"https:\/\/www.salivapi.com.br\/edicao2022\/praca-assis-brasil\/#breadcrumb\"},\"inLanguage\":\"pt-BR\",\"potentialAction\":[{\"@type\":\"ReadAction\",\"target\":[\"https:\/\/www.salivapi.com.br\/edicao2022\/praca-assis-brasil\/\"]}]},{\"@type\":\"BreadcrumbList\",\"@id\":\"https:\/\/www.salivapi.com.br\/edicao2022\/praca-assis-brasil\/#breadcrumb\",\"itemListElement\":[{\"@type\":\"ListItem\",\"position\":1,\"name\":\"In\u00edcio\",\"item\":\"https:\/\/www.salivapi.com.br\/edicao2022\/\"},{\"@type\":\"ListItem\",\"position\":2,\"name\":\"Pra\u00e7a Assis Brasil\"}]},{\"@type\":\"WebSite\",\"@id\":\"https:\/\/www.salivapi.com.br\/edicao2022\/#website\",\"url\":\"https:\/\/www.salivapi.com.br\/edicao2022\/\",\"name\":\"12\u00ba Sal\u00e3o do Livro de Valen\u00e7a do Piau\u00ed - SaLiVa\",\"description\":\"14 a 17 de setembro - Unidade Escolar Santo Ant\u00f4nio \u2013 UESA\",\"publisher\":{\"@id\":\"https:\/\/www.salivapi.com.br\/edicao2022\/#organization\"},\"potentialAction\":[{\"@type\":\"SearchAction\",\"target\":{\"@type\":\"EntryPoint\",\"urlTemplate\":\"https:\/\/www.salivapi.com.br\/edicao2022\/?s={search_term_string}\"},\"query-input\":{\"@type\":\"PropertyValueSpecification\",\"valueRequired\":true,\"valueName\":\"search_term_string\"}}],\"inLanguage\":\"pt-BR\"},{\"@type\":\"Organization\",\"@id\":\"https:\/\/www.salivapi.com.br\/edicao2022\/#organization\",\"name\":\"Sal\u00e3o do Livro de Valen\u00e7a do Piau\u00ed - SaLiVa\",\"url\":\"https:\/\/www.salivapi.com.br\/edicao2022\/\",\"logo\":{\"@type\":\"ImageObject\",\"inLanguage\":\"pt-BR\",\"@id\":\"https:\/\/www.salivapi.com.br\/edicao2022\/#\/schema\/logo\/image\/\",\"url\":\"https:\/\/www.salivapi.com.br\/edicao2022\/wp-content\/uploads\/2021\/10\/logomarca_saliva2022.png\",\"contentUrl\":\"https:\/\/www.salivapi.com.br\/edicao2022\/wp-content\/uploads\/2021\/10\/logomarca_saliva2022.png\",\"width\":400,\"height\":166,\"caption\":\"Sal\u00e3o do Livro de Valen\u00e7a do Piau\u00ed - SaLiVa\"},\"image\":{\"@id\":\"https:\/\/www.salivapi.com.br\/edicao2022\/#\/schema\/logo\/image\/\"},\"sameAs\":[\"https:\/\/www.facebook.com\/salaodolivrodopiaui\/\",\"https:\/\/www.instagram.com\/salaodolivrodopiaui\/\"]}]}<\/script>\n<!-- \/ Yoast SEO plugin. -->","yoast_head_json":{"title":"Pra\u00e7a Assis Brasil - 12\u00ba Sal\u00e3o do Livro de Valen\u00e7a do Piau\u00ed - SaLiVa","robots":{"index":"index","follow":"follow","max-snippet":"max-snippet:-1","max-image-preview":"max-image-preview:large","max-video-preview":"max-video-preview:-1"},"canonical":"https:\/\/www.salivapi.com.br\/edicao2022\/praca-assis-brasil\/","og_locale":"pt_BR","og_type":"article","og_title":"Pra\u00e7a Assis Brasil - 12\u00ba Sal\u00e3o do Livro de Valen\u00e7a do Piau\u00ed - SaLiVa","og_url":"https:\/\/www.salivapi.com.br\/edicao2022\/praca-assis-brasil\/","og_site_name":"12\u00ba Sal\u00e3o do Livro de Valen\u00e7a do Piau\u00ed - SaLiVa","article_publisher":"https:\/\/www.facebook.com\/salaodolivrodopiaui\/","article_modified_time":"2022-05-18T21:46:00+00:00","twitter_card":"summary_large_image","schema":{"@context":"https:\/\/schema.org","@graph":[{"@type":"WebPage","@id":"https:\/\/www.salivapi.com.br\/edicao2022\/praca-assis-brasil\/","url":"https:\/\/www.salivapi.com.br\/edicao2022\/praca-assis-brasil\/","name":"Pra\u00e7a Assis Brasil - 12\u00ba Sal\u00e3o do Livro de Valen\u00e7a do Piau\u00ed - SaLiVa","isPartOf":{"@id":"https:\/\/www.salivapi.com.br\/edicao2022\/#website"},"datePublished":"2021-12-10T20:37:56+00:00","dateModified":"2022-05-18T21:46:00+00:00","breadcrumb":{"@id":"https:\/\/www.salivapi.com.br\/edicao2022\/praca-assis-brasil\/#breadcrumb"},"inLanguage":"pt-BR","potentialAction":[{"@type":"ReadAction","target":["https:\/\/www.salivapi.com.br\/edicao2022\/praca-assis-brasil\/"]}]},{"@type":"BreadcrumbList","@id":"https:\/\/www.salivapi.com.br\/edicao2022\/praca-assis-brasil\/#breadcrumb","itemListElement":[{"@type":"ListItem","position":1,"name":"In\u00edcio","item":"https:\/\/www.salivapi.com.br\/edicao2022\/"},{"@type":"ListItem","position":2,"name":"Pra\u00e7a Assis Brasil"}]},{"@type":"WebSite","@id":"https:\/\/www.salivapi.com.br\/edicao2022\/#website","url":"https:\/\/www.salivapi.com.br\/edicao2022\/","name":"12\u00ba Sal\u00e3o do Livro de Valen\u00e7a do Piau\u00ed - SaLiVa","description":"14 a 17 de setembro - Unidade Escolar Santo Ant\u00f4nio \u2013 UESA","publisher":{"@id":"https:\/\/www.salivapi.com.br\/edicao2022\/#organization"},"potentialAction":[{"@type":"SearchAction","target":{"@type":"EntryPoint","urlTemplate":"https:\/\/www.salivapi.com.br\/edicao2022\/?s={search_term_string}"},"query-input":{"@type":"PropertyValueSpecification","valueRequired":true,"valueName":"search_term_string"}}],"inLanguage":"pt-BR"},{"@type":"Organization","@id":"https:\/\/www.salivapi.com.br\/edicao2022\/#organization","name":"Sal\u00e3o do Livro de Valen\u00e7a do Piau\u00ed - SaLiVa","url":"https:\/\/www.salivapi.com.br\/edicao2022\/","logo":{"@type":"ImageObject","inLanguage":"pt-BR","@id":"https:\/\/www.salivapi.com.br\/edicao2022\/#\/schema\/logo\/image\/","url":"https:\/\/www.salivapi.com.br\/edicao2022\/wp-content\/uploads\/2021\/10\/logomarca_saliva2022.png","contentUrl":"https:\/\/www.salivapi.com.br\/edicao2022\/wp-content\/uploads\/2021\/10\/logomarca_saliva2022.png","width":400,"height":166,"caption":"Sal\u00e3o do Livro de Valen\u00e7a do Piau\u00ed - SaLiVa"},"image":{"@id":"https:\/\/www.salivapi.com.br\/edicao2022\/#\/schema\/logo\/image\/"},"sameAs":["https:\/\/www.facebook.com\/salaodolivrodopiaui\/","https:\/\/www.instagram.com\/salaodolivrodopiaui\/"]}]}},"_links":{"self":[{"href":"https:\/\/www.salivapi.com.br\/edicao2022\/wp-json\/wp\/v2\/pages\/1972","targetHints":{"allow":["GET"]}}],"collection":[{"href":"https:\/\/www.salivapi.com.br\/edicao2022\/wp-json\/wp\/v2\/pages"}],"about":[{"href":"https:\/\/www.salivapi.com.br\/edicao2022\/wp-json\/wp\/v2\/types\/page"}],"author":[{"embeddable":true,"href":"https:\/\/www.salivapi.com.br\/edicao2022\/wp-json\/wp\/v2\/users\/1"}],"replies":[{"embeddable":true,"href":"https:\/\/www.salivapi.com.br\/edicao2022\/wp-json\/wp\/v2\/comments?post=1972"}],"version-history":[{"count":14,"href":"https:\/\/www.salivapi.com.br\/edicao2022\/wp-json\/wp\/v2\/pages\/1972\/revisions"}],"predecessor-version":[{"id":3009,"href":"https:\/\/www.salivapi.com.br\/edicao2022\/wp-json\/wp\/v2\/pages\/1972\/revisions\/3009"}],"wp:attachment":[{"href":"https:\/\/www.salivapi.com.br\/edicao2022\/wp-json\/wp\/v2\/media?parent=1972"}],"curies":[{"name":"wp","href":"https:\/\/api.w.org\/{rel}","templated":true}]}}