{"id":1862,"date":"2021-12-06T22:54:26","date_gmt":"2021-12-07T01:54:26","guid":{"rendered":"https:\/\/www.salivapi.com.br\/edicao2022\/?page_id=1862"},"modified":"2022-09-11T23:37:05","modified_gmt":"2022-09-12T02:37:05","slug":"faca-sua-inscricao","status":"publish","type":"page","link":"https:\/\/www.salivapi.com.br\/edicao2022\/faca-sua-inscricao\/","title":{"rendered":"Fa\u00e7a sua inscri\u00e7\u00e3o!"},"content":{"rendered":"\t\t<div data-elementor-type=\"wp-page\" data-elementor-id=\"1862\" class=\"elementor elementor-1862\" data-elementor-post-type=\"page\">\n\t\t\t\t<div class=\"elementor-element elementor-element-90a5258 e-flex e-con-boxed e-con e-parent\" data-id=\"90a5258\" data-element_type=\"container\">\n\t\t\t\t\t<div class=\"e-con-inner\">\n\t\t<div class=\"elementor-element elementor-element-476c7f0 e-con-full e-flex e-con e-child\" data-id=\"476c7f0\" data-element_type=\"container\">\n\t\t\t\t<div class=\"elementor-element elementor-element-e8c92ee elementor-widget elementor-widget-text-editor\" data-id=\"e8c92ee\" data-element_type=\"widget\" data-widget_type=\"text-editor.default\">\n\t\t\t\t<div class=\"elementor-widget-container\">\n\t\t\t\t\t\t\t\t\t<p>O Sal\u00e3o do Livro de Valen\u00e7a do Piau\u00ed \u2013 SaLiVa, chega \u00e0 sua d\u00e9cima segunda edi\u00e7\u00e3o em 2022, reafirmando o compromisso inadi\u00e1vel da Funda\u00e7\u00e3o Quixote, da Associa\u00e7\u00e3o de Diletantes da Cultura Hist\u00f3rica Valenciana (ADICH), da Universidade Federal do Piau\u00ed (UFPI) e da Secretaria Municipal de Educa\u00e7\u00e3o, em parceria com o Instituto Federal do Piau\u00ed \u2013 IFPI \u2013 Campus de Valen\u00e7a do Piau\u00ed, de promover o acesso democr\u00e1tico ao livro e \u00e0 leitura.\u00a0 <strong><a href=\"https:\/\/www.salivapi.com.br\/edicao2022\/programacao\/\">VEJA A PROGRAMA\u00c7\u00c3O!<\/a><\/strong><\/p>\t\t\t\t\t\t\t\t<\/div>\n\t\t\t\t<\/div>\n\t\t\t\t<\/div>\n\t\t\t\t\t<\/div>\n\t\t\t\t<\/div>\n\t\t<div class=\"elementor-element elementor-element-db3d673 e-flex e-con-boxed e-con e-parent\" data-id=\"db3d673\" data-element_type=\"container\">\n\t\t\t\t\t<div class=\"e-con-inner\">\n\t\t<div class=\"elementor-element elementor-element-536739b e-con-full e-flex e-con e-child\" data-id=\"536739b\" data-element_type=\"container\">\n\t\t\t\t<div class=\"elementor-element elementor-element-691e59c elementor-widget elementor-widget-html\" data-id=\"691e59c\" data-element_type=\"widget\" data-widget_type=\"html.default\">\n\t\t\t\t<div class=\"elementor-widget-container\">\n\t\t\t\t\t<iframe id=\"i2128087356ee443282997e46c3f15c79\" src=\"https:\/\/web.eventogyn.com.br\/event\/saliva2022\/registration\" scrolling=\"no\" style=\"border: 0px; max-width: 100%; width: 100%;\"><\/iframe>\r\n<script src=\"https:\/\/web.eventogyn.com.br\/node_modules\/iframe-resizer\/js\/iframeResizer.min.js?2.61.11\"><\/script>\r\n<script>iFrameResize({ log: true }, \"#i2128087356ee443282997e46c3f15c79\")<\/script>\r\n\t\t\t\t<\/div>\n\t\t\t\t<\/div>\n\t\t\t\t<\/div>\n\t\t\t\t\t<\/div>\n\t\t\t\t<\/div>\n\t\t\t\t<\/div>\n\t\t","protected":false},"excerpt":{"rendered":"<p>O Sal\u00e3o do Livro de Valen\u00e7a do Piau\u00ed \u2013 SaLiVa, chega \u00e0 sua d\u00e9cima segunda edi\u00e7\u00e3o em 2022, reafirmando o compromisso inadi\u00e1vel da Funda\u00e7\u00e3o Quixote, da Associa\u00e7\u00e3o de Diletantes da Cultura Hist\u00f3rica Valenciana (ADICH), da Universidade Federal do Piau\u00ed (UFPI) e da Secretaria Municipal de Educa\u00e7\u00e3o, em parceria com o Instituto Federal do Piau\u00ed \u2013 [&hellip;]<\/p>\n","protected":false},"author":1,"featured_media":0,"parent":0,"menu_order":0,"comment_status":"closed","ping_status":"closed","template":"","meta":{"footnotes":""},"class_list":["post-1862","page","type-page","status-publish","hentry"],"acf":[],"yoast_head":"<!-- This site is optimized with the Yoast SEO plugin v25.6 - https:\/\/yoast.com\/wordpress\/plugins\/seo\/ -->\n<title>Fa\u00e7a sua inscri\u00e7\u00e3o! - 12\u00ba Sal\u00e3o do Livro de Valen\u00e7a do Piau\u00ed - SaLiVa<\/title>\n<meta name=\"robots\" content=\"index, follow, max-snippet:-1, max-image-preview:large, max-video-preview:-1\" \/>\n<link rel=\"canonical\" href=\"https:\/\/www.salivapi.com.br\/edicao2022\/faca-sua-inscricao\/\" \/>\n<meta property=\"og:locale\" content=\"pt_BR\" \/>\n<meta property=\"og:type\" content=\"article\" \/>\n<meta property=\"og:title\" content=\"Fa\u00e7a sua inscri\u00e7\u00e3o! - 12\u00ba Sal\u00e3o do Livro de Valen\u00e7a do Piau\u00ed - SaLiVa\" \/>\n<meta property=\"og:description\" content=\"O Sal\u00e3o do Livro de Valen\u00e7a do Piau\u00ed \u2013 SaLiVa, chega \u00e0 sua d\u00e9cima segunda edi\u00e7\u00e3o em 2022, reafirmando o compromisso inadi\u00e1vel da Funda\u00e7\u00e3o Quixote, da Associa\u00e7\u00e3o de Diletantes da Cultura Hist\u00f3rica Valenciana (ADICH), da Universidade Federal do Piau\u00ed (UFPI) e da Secretaria Municipal de Educa\u00e7\u00e3o, em parceria com o Instituto Federal do Piau\u00ed \u2013 [&hellip;]\" \/>\n<meta property=\"og:url\" content=\"https:\/\/www.salivapi.com.br\/edicao2022\/faca-sua-inscricao\/\" \/>\n<meta property=\"og:site_name\" content=\"12\u00ba Sal\u00e3o do Livro de Valen\u00e7a do Piau\u00ed - SaLiVa\" \/>\n<meta property=\"article:publisher\" content=\"https:\/\/www.facebook.com\/salaodolivrodopiaui\/\" \/>\n<meta property=\"article:modified_time\" content=\"2022-09-12T02:37:05+00:00\" \/>\n<meta name=\"twitter:card\" content=\"summary_large_image\" \/>\n<meta name=\"twitter:label1\" content=\"Est. tempo de leitura\" \/>\n\t<meta name=\"twitter:data1\" content=\"1 minuto\" \/>\n<script type=\"application\/ld+json\" class=\"yoast-schema-graph\">{\"@context\":\"https:\/\/schema.org\",\"@graph\":[{\"@type\":\"WebPage\",\"@id\":\"https:\/\/www.salivapi.com.br\/edicao2022\/faca-sua-inscricao\/\",\"url\":\"https:\/\/www.salivapi.com.br\/edicao2022\/faca-sua-inscricao\/\",\"name\":\"Fa\u00e7a sua inscri\u00e7\u00e3o! - 12\u00ba Sal\u00e3o do Livro de Valen\u00e7a do Piau\u00ed - SaLiVa\",\"isPartOf\":{\"@id\":\"https:\/\/www.salivapi.com.br\/edicao2022\/#website\"},\"datePublished\":\"2021-12-07T01:54:26+00:00\",\"dateModified\":\"2022-09-12T02:37:05+00:00\",\"breadcrumb\":{\"@id\":\"https:\/\/www.salivapi.com.br\/edicao2022\/faca-sua-inscricao\/#breadcrumb\"},\"inLanguage\":\"pt-BR\",\"potentialAction\":[{\"@type\":\"ReadAction\",\"target\":[\"https:\/\/www.salivapi.com.br\/edicao2022\/faca-sua-inscricao\/\"]}]},{\"@type\":\"BreadcrumbList\",\"@id\":\"https:\/\/www.salivapi.com.br\/edicao2022\/faca-sua-inscricao\/#breadcrumb\",\"itemListElement\":[{\"@type\":\"ListItem\",\"position\":1,\"name\":\"In\u00edcio\",\"item\":\"https:\/\/www.salivapi.com.br\/edicao2022\/\"},{\"@type\":\"ListItem\",\"position\":2,\"name\":\"Fa\u00e7a sua inscri\u00e7\u00e3o!\"}]},{\"@type\":\"WebSite\",\"@id\":\"https:\/\/www.salivapi.com.br\/edicao2022\/#website\",\"url\":\"https:\/\/www.salivapi.com.br\/edicao2022\/\",\"name\":\"12\u00ba Sal\u00e3o do Livro de Valen\u00e7a do Piau\u00ed - SaLiVa\",\"description\":\"14 a 17 de setembro - Unidade Escolar Santo Ant\u00f4nio \u2013 UESA\",\"publisher\":{\"@id\":\"https:\/\/www.salivapi.com.br\/edicao2022\/#organization\"},\"potentialAction\":[{\"@type\":\"SearchAction\",\"target\":{\"@type\":\"EntryPoint\",\"urlTemplate\":\"https:\/\/www.salivapi.com.br\/edicao2022\/?s={search_term_string}\"},\"query-input\":{\"@type\":\"PropertyValueSpecification\",\"valueRequired\":true,\"valueName\":\"search_term_string\"}}],\"inLanguage\":\"pt-BR\"},{\"@type\":\"Organization\",\"@id\":\"https:\/\/www.salivapi.com.br\/edicao2022\/#organization\",\"name\":\"Sal\u00e3o do Livro de Valen\u00e7a do Piau\u00ed - SaLiVa\",\"url\":\"https:\/\/www.salivapi.com.br\/edicao2022\/\",\"logo\":{\"@type\":\"ImageObject\",\"inLanguage\":\"pt-BR\",\"@id\":\"https:\/\/www.salivapi.com.br\/edicao2022\/#\/schema\/logo\/image\/\",\"url\":\"https:\/\/www.salivapi.com.br\/edicao2022\/wp-content\/uploads\/2021\/10\/logomarca_saliva2022.png\",\"contentUrl\":\"https:\/\/www.salivapi.com.br\/edicao2022\/wp-content\/uploads\/2021\/10\/logomarca_saliva2022.png\",\"width\":400,\"height\":166,\"caption\":\"Sal\u00e3o do Livro de Valen\u00e7a do Piau\u00ed - SaLiVa\"},\"image\":{\"@id\":\"https:\/\/www.salivapi.com.br\/edicao2022\/#\/schema\/logo\/image\/\"},\"sameAs\":[\"https:\/\/www.facebook.com\/salaodolivrodopiaui\/\",\"https:\/\/www.instagram.com\/salaodolivrodopiaui\/\"]}]}<\/script>\n<!-- \/ Yoast SEO plugin. -->","yoast_head_json":{"title":"Fa\u00e7a sua inscri\u00e7\u00e3o! - 12\u00ba Sal\u00e3o do Livro de Valen\u00e7a do Piau\u00ed - SaLiVa","robots":{"index":"index","follow":"follow","max-snippet":"max-snippet:-1","max-image-preview":"max-image-preview:large","max-video-preview":"max-video-preview:-1"},"canonical":"https:\/\/www.salivapi.com.br\/edicao2022\/faca-sua-inscricao\/","og_locale":"pt_BR","og_type":"article","og_title":"Fa\u00e7a sua inscri\u00e7\u00e3o! - 12\u00ba Sal\u00e3o do Livro de Valen\u00e7a do Piau\u00ed - SaLiVa","og_description":"O Sal\u00e3o do Livro de Valen\u00e7a do Piau\u00ed \u2013 SaLiVa, chega \u00e0 sua d\u00e9cima segunda edi\u00e7\u00e3o em 2022, reafirmando o compromisso inadi\u00e1vel da Funda\u00e7\u00e3o Quixote, da Associa\u00e7\u00e3o de Diletantes da Cultura Hist\u00f3rica Valenciana (ADICH), da Universidade Federal do Piau\u00ed (UFPI) e da Secretaria Municipal de Educa\u00e7\u00e3o, em parceria com o Instituto Federal do Piau\u00ed \u2013 [&hellip;]","og_url":"https:\/\/www.salivapi.com.br\/edicao2022\/faca-sua-inscricao\/","og_site_name":"12\u00ba Sal\u00e3o do Livro de Valen\u00e7a do Piau\u00ed - SaLiVa","article_publisher":"https:\/\/www.facebook.com\/salaodolivrodopiaui\/","article_modified_time":"2022-09-12T02:37:05+00:00","twitter_card":"summary_large_image","twitter_misc":{"Est. tempo de leitura":"1 minuto"},"schema":{"@context":"https:\/\/schema.org","@graph":[{"@type":"WebPage","@id":"https:\/\/www.salivapi.com.br\/edicao2022\/faca-sua-inscricao\/","url":"https:\/\/www.salivapi.com.br\/edicao2022\/faca-sua-inscricao\/","name":"Fa\u00e7a sua inscri\u00e7\u00e3o! - 12\u00ba Sal\u00e3o do Livro de Valen\u00e7a do Piau\u00ed - SaLiVa","isPartOf":{"@id":"https:\/\/www.salivapi.com.br\/edicao2022\/#website"},"datePublished":"2021-12-07T01:54:26+00:00","dateModified":"2022-09-12T02:37:05+00:00","breadcrumb":{"@id":"https:\/\/www.salivapi.com.br\/edicao2022\/faca-sua-inscricao\/#breadcrumb"},"inLanguage":"pt-BR","potentialAction":[{"@type":"ReadAction","target":["https:\/\/www.salivapi.com.br\/edicao2022\/faca-sua-inscricao\/"]}]},{"@type":"BreadcrumbList","@id":"https:\/\/www.salivapi.com.br\/edicao2022\/faca-sua-inscricao\/#breadcrumb","itemListElement":[{"@type":"ListItem","position":1,"name":"In\u00edcio","item":"https:\/\/www.salivapi.com.br\/edicao2022\/"},{"@type":"ListItem","position":2,"name":"Fa\u00e7a sua inscri\u00e7\u00e3o!"}]},{"@type":"WebSite","@id":"https:\/\/www.salivapi.com.br\/edicao2022\/#website","url":"https:\/\/www.salivapi.com.br\/edicao2022\/","name":"12\u00ba Sal\u00e3o do Livro de Valen\u00e7a do Piau\u00ed - SaLiVa","description":"14 a 17 de setembro - Unidade Escolar Santo Ant\u00f4nio \u2013 UESA","publisher":{"@id":"https:\/\/www.salivapi.com.br\/edicao2022\/#organization"},"potentialAction":[{"@type":"SearchAction","target":{"@type":"EntryPoint","urlTemplate":"https:\/\/www.salivapi.com.br\/edicao2022\/?s={search_term_string}"},"query-input":{"@type":"PropertyValueSpecification","valueRequired":true,"valueName":"search_term_string"}}],"inLanguage":"pt-BR"},{"@type":"Organization","@id":"https:\/\/www.salivapi.com.br\/edicao2022\/#organization","name":"Sal\u00e3o do Livro de Valen\u00e7a do Piau\u00ed - SaLiVa","url":"https:\/\/www.salivapi.com.br\/edicao2022\/","logo":{"@type":"ImageObject","inLanguage":"pt-BR","@id":"https:\/\/www.salivapi.com.br\/edicao2022\/#\/schema\/logo\/image\/","url":"https:\/\/www.salivapi.com.br\/edicao2022\/wp-content\/uploads\/2021\/10\/logomarca_saliva2022.png","contentUrl":"https:\/\/www.salivapi.com.br\/edicao2022\/wp-content\/uploads\/2021\/10\/logomarca_saliva2022.png","width":400,"height":166,"caption":"Sal\u00e3o do Livro de Valen\u00e7a do Piau\u00ed - SaLiVa"},"image":{"@id":"https:\/\/www.salivapi.com.br\/edicao2022\/#\/schema\/logo\/image\/"},"sameAs":["https:\/\/www.facebook.com\/salaodolivrodopiaui\/","https:\/\/www.instagram.com\/salaodolivrodopiaui\/"]}]}},"_links":{"self":[{"href":"https:\/\/www.salivapi.com.br\/edicao2022\/wp-json\/wp\/v2\/pages\/1862","targetHints":{"allow":["GET"]}}],"collection":[{"href":"https:\/\/www.salivapi.com.br\/edicao2022\/wp-json\/wp\/v2\/pages"}],"about":[{"href":"https:\/\/www.salivapi.com.br\/edicao2022\/wp-json\/wp\/v2\/types\/page"}],"author":[{"embeddable":true,"href":"https:\/\/www.salivapi.com.br\/edicao2022\/wp-json\/wp\/v2\/users\/1"}],"replies":[{"embeddable":true,"href":"https:\/\/www.salivapi.com.br\/edicao2022\/wp-json\/wp\/v2\/comments?post=1862"}],"version-history":[{"count":52,"href":"https:\/\/www.salivapi.com.br\/edicao2022\/wp-json\/wp\/v2\/pages\/1862\/revisions"}],"predecessor-version":[{"id":5414,"href":"https:\/\/www.salivapi.com.br\/edicao2022\/wp-json\/wp\/v2\/pages\/1862\/revisions\/5414"}],"wp:attachment":[{"href":"https:\/\/www.salivapi.com.br\/edicao2022\/wp-json\/wp\/v2\/media?parent=1862"}],"curies":[{"name":"wp","href":"https:\/\/api.w.org\/{rel}","templated":true}]}}