{"id":1588,"date":"2021-12-05T20:40:28","date_gmt":"2021-12-05T23:40:28","guid":{"rendered":"https:\/\/www.salivapi.com.br\/edicao2022\/?page_id=1588"},"modified":"2022-06-07T21:13:22","modified_gmt":"2022-06-08T00:13:22","slug":"bate-papo-literario","status":"publish","type":"page","link":"https:\/\/www.salivapi.com.br\/edicao2022\/bate-papo-literario\/","title":{"rendered":"Bate-Papo Liter\u00e1rio"},"content":{"rendered":"\t\t<div data-elementor-type=\"wp-page\" data-elementor-id=\"1588\" class=\"elementor elementor-1588\" data-elementor-post-type=\"page\">\n\t\t\t\t<div class=\"elementor-element elementor-element-20aafee e-flex e-con-boxed e-con e-parent\" data-id=\"20aafee\" data-element_type=\"container\">\n\t\t\t\t\t<div class=\"e-con-inner\">\n\t\t<div class=\"elementor-element elementor-element-1b544cb e-con-full e-flex e-con e-child\" data-id=\"1b544cb\" data-element_type=\"container\">\n\t\t\t\t<div class=\"elementor-element elementor-element-fb93cf8 elementor-widget elementor-widget-text-editor\" data-id=\"fb93cf8\" data-element_type=\"widget\" data-widget_type=\"text-editor.default\">\n\t\t\t\t<div class=\"elementor-widget-container\">\n\t\t\t\t\t\t\t\t\t\n<p>O Bate-Papo Liter\u00e1rio, mediado pelo\u00a0<strong>professor Luiz Romero\u00a0<\/strong>e pela\u00a0<strong>Prof.\u00aa La\u00eds Romero<\/strong>\u00a0que contam ainda com entrevistadores convidados. \u00c9 a vitrine do Sal\u00e3o do Livro do Piau\u00ed. Trata-se do espa\u00e7o destinado aos lan\u00e7amentos de livros e aos bate-papos com escritores consagrados e principiantes, que falam de suas produ\u00e7\u00f5es e de cultura em geral. \u00c9 no espa\u00e7o do Bate-Papo Liter\u00e1rio que acontecem os saraus, recitais, debates culturais, os \u201cDi\u00e1logos Po\u00e9ticos\u201d e shows musicais intimistas com artistas da terra. Toda a programa\u00e7\u00e3o \u00e9 transmitida pela R\u00e1dio Antares e outros meios de comunica\u00e7\u00e3o.<\/p>\n\n<p>A programa\u00e7\u00e3o do Bate-Papo Liter\u00e1rio \u00e9 muito din\u00e2mica e pode sofrer altera\u00e7\u00f5es no decorrer dos dias, considerado o term\u00f4metro do SaLiPi, o espa\u00e7o do Bate-Papo Liter\u00e1rio<\/p>\n\t\t\t\t\t\t\t\t<\/div>\n\t\t\t\t<\/div>\n\t\t\t\t<\/div>\n\t\t\t\t\t<\/div>\n\t\t\t\t<\/div>\n\t\t<div class=\"elementor-element elementor-element-9593207 e-flex e-con-boxed e-con e-parent\" data-id=\"9593207\" data-element_type=\"container\">\n\t\t\t\t\t<div class=\"e-con-inner\">\n\t\t<div class=\"elementor-element elementor-element-3227c68 e-con-full e-flex e-con e-child\" data-id=\"3227c68\" data-element_type=\"container\">\n\t\t\t\t<div class=\"elementor-element elementor-element-60fefb8 elementor-widget elementor-widget-text-editor\" data-id=\"60fefb8\" data-element_type=\"widget\" data-widget_type=\"text-editor.default\">\n\t\t\t\t<div class=\"elementor-widget-container\">\n\t\t\t\t\t\t\t\t\t\n<h2><strong>PROGRAMA\u00c7\u00c3O<\/strong><\/h2>\n\t\t\t\t\t\t\t\t<\/div>\n\t\t\t\t<\/div>\n\t\t<div class=\"elementor-element elementor-element-a42204c e-flex e-con-boxed e-con e-child\" data-id=\"a42204c\" data-element_type=\"container\">\n\t\t\t\t\t<div class=\"e-con-inner\">\n\t\t\t\t<div class=\"elementor-element elementor-element-cbeb3ca elementor-widget elementor-widget-text-editor\" data-id=\"cbeb3ca\" data-element_type=\"widget\" data-widget_type=\"text-editor.default\">\n\t\t\t\t<div class=\"elementor-widget-container\">\n\t\t\t\t\t\t\t\t\t\n<h4 class=\"title\"><span style=\"color: #008080;\"><strong>04\/06 &#8211; s\u00e1bado<\/strong><\/span><\/h4>\n<ul>\n<li>\n<p>15h \u2013 15h:30<br \/>O menino que se embrulhava com o rio \u2013 Talita do Monte<\/p>\n<\/li>\n<li>\n<p>15:30 &#8211; 16h <br \/>Hist\u00f3ria, sentido e acontecimento: narrativas \u2013 Edwar Castelo Branco, Marcus Pierre de Carvalho Baptista; C\u00e1ssio de Sousa Borges<\/p>\n<\/li>\n<li>\n<p>16h \u2013 16:30<br \/>Educa\u00e7\u00e3o, Ruralidades, cidadania, reflex\u00f5es e conex\u00f5es em tempos de pandemia. \u2013 Julinete Vieira Castelo Branco<\/p>\n<\/li>\n<li>\n<p>16:30 -17h<br \/>Vila Nova &#8211; Cidade poesia (vol. 2) Marli Veloso; N\u00fabia Rocha<br \/>17h \u2013 17: 30 O ba\u00fa de Faustina \u2013 Val\u00e9ria Silva<\/p>\n<\/li>\n<li>\n<p>17:30 \u2013 18h<br \/>Cenouras Malditas \u2013 Luiz Celso<\/p>\n<\/li>\n<li>\n<p>18h \u2013 18:30<br \/>Kennedy e o Brasil: os primeiros anos da Alian\u00e7a para o Progresso &#8211; Ricardo Alaggio<\/p>\n<\/li>\n<li>\n<p>18:30 \u2013 19h <br \/>Versos bonitos- Wagner Nunes Leite<\/p>\n<\/li>\n<li>\n<p>19h \u2013 19:30 <br \/>Minha vida em sua boca e outros poemas \u2013 Francisco de Assis Sousa<\/p>\n<\/li>\n<li>\n<p>19:30 \u2013 20h<br \/>O livro fuj\u00e3o \u2013 Gael Henrique &#8211; \u00cdtalo Damasceno; Manoel Jasmim (Orgs)<\/p>\n<\/li>\n<li>\n<p>20h \u2013 20:30<br \/>S\u00edndrome po\u00e9tica \u2013 Francisco Jos\u00e9 Soares<\/p>\n<\/li>\n<li>\n<p>20:30 \u2013 21h <br \/>Autobiografia e educa\u00e7\u00e3o inicianas: uma an\u00e1lise did\u00e1tica \u2013 Ir. Marcos Epif\u00e2nio Barbosa Lima, SJ<br \/>O tempo das coisas \u2013 Josilene Neres<\/p>\n<\/li>\n<\/ul>\n<h4 class=\"title\"><span style=\"color: #008080;\"><strong>05\/06 &#8211; domingo<\/strong><\/span><\/h4>\n<div class=\"time\">\n<ul>\n<li>15h \u2013 15h:30 <br \/>1964: mem\u00f3rias e culturas pol\u00edticas no Piau\u00ed- Francisco J. Leandro Castro<\/li>\n<li>15:30 &#8211; 16h &#8211; O auto do c\u00f4nego; O auto da revolta &#8211; Halan Silva<\/li>\n<li>16h \u2013 16:30 Flor Maria Joseph Paz<\/li>\n<li>16:30 -17h &#8211; Menino do Congo &#8211; M\u00e1rcia Evelin<\/li>\n<li>17h \u2013 18h &#8211; O folhetim de Clodoaldo Freitas &#8211; Maria do Socorro Rios Magalh\u00e3es &#8211; Livro juvenil: est\u00e9tica, cr\u00edtica e experi\u00eancia liter\u00e1ria &#8211; Maria do Socorro Rios Magalh\u00e3es e Dheiky do R\u00eago Monteiro Rocha (Orgs) Livro infantil: arte, mercado e ensino -Maria do Socorro Rios Magalh\u00e3es e Dheiky do R\u00eago Monteiro Rocha (Orgs)<\/li>\n<\/ul>\n<\/div>\n<h4 class=\"title\"><span style=\"color: #008080;\"><strong>06\/06 &#8211; segunda-feira<\/strong><\/span><\/h4>\n<ul>\n<li>\n<p>15:30 \u2013 15:50 Morfologia e anatomia vegetal \u2013 Jesus Rodrigues Lemos, Bruno Edson Chaves (Orgs.)<\/p>\n<\/li>\n<li>\n<p>15:50 \u2013 16:10 Filostrato: novas abordagens \u2013 Maria Aparecida de O. Silva e Pedro Ipiranga (Orgs)<\/p>\n<\/li>\n<li>\n<p>16:10 \u2013 16:30 Estrat\u00e9gias Sociopol\u00edticas e Experi\u00eancias para o Planejamento do Lazer \u2013 Shaiane Vargas da Silveira (Org.)<\/p>\n<\/li>\n<li>\n<p>16:30 \u2013 16:50 10 mulheres antes da hora- 2\u00aa Edi\u00e7\u00e3o \u2013 Fenelon Rocha<\/p>\n<\/li>\n<li>\n<p>16:50 \u2013 17:10 Quest\u00e3o social, direitos e pol\u00edticas p\u00fablicas na realidade brasileira contempor\u00e2nea \u2013 Rosilene Marques Sobrinho Marques de Fran\u00e7a e Teresa Cristina Moura Costa<\/p>\n<\/li>\n<li>\n<p>17:10 \u2013 17:30 Estudos em hermen\u00eautica e desconstru\u00e7\u00e3o \u2013 Gustavo Silvano Batista; Renata Ramos da Silva; Paulo Cesar Duque-Estrada (Orgs)<\/p>\n<\/li>\n<li>\n<p>17:30 &#8211; 17:50 Afrodescendentes em Narrativas Cotidianas \u2013 Francilene Brito da Silva &amp; Francis Musa Boakari (Orgs)<\/p>\n<\/li>\n<li>\n<p>17:50 \u2013 18:20 \u00d3rf\u00e3os do Imp\u00e9rio \u2013 Eneas Barros<\/p>\n<\/li>\n<li>\n<p>18:20 \u2013 18:50h Piau\u00ed em poesia \u2013 Raimunda Alves Melo e Ant\u00f4nia Dalva Fran\u00e7a Carvalho<\/p>\n<\/li>\n<li>\n<p>19h \u2013 19:30 A flor de Bugarin \u2013 Bento Jos\u00e9 Bezerra Neto e outros<\/p>\n<\/li>\n<li>\n<p>19:30 \u2013 20h Leriado piauiense e revistas &#8211; Wilson Serraine<\/p>\n<\/li>\n<\/ul>\n<h4 class=\"title\"><span style=\"color: #008080;\"><strong>07\/06 &#8211; ter\u00e7a-feira<\/strong><\/span><\/h4>\n<div class=\"time\">\n<ul>\n<li><strong>15h \u2013 15h30<\/strong> <br \/>Wellington Soares<\/li>\n<li><strong>15h30 &#8211; 16h<\/strong> <br \/>Aprenda a lutar por aquilo que voc\u00ea necessita \u2013 Jos\u00e9 Jefferson<\/li>\n<li><strong>16h \u2013 16h30<\/strong> <br \/>Lan\u00e7amento da Confraria Jur\u00eddico- Liter\u00e1ria dos Discentes e Docentes da Faculdade &#8211; FAPEPI<\/li>\n<li><strong>16h30 -17h<\/strong><br \/>Sonhos po\u00e9ticos &#8211; Rodolfo Pena<\/li>\n<li><strong>17h \u2013 17h30<\/strong> <br \/>O Piau\u00ed no Futebol \u2013 Carlos Said<\/li>\n<li><strong>17h30 \u2013 18h<\/strong><br \/>O segredo de Amar\u00edlis Ant\u00fario; O falso franc\u00eas \u2013 \u00cdtalo Damasceno<\/li>\n<li><strong>18h &#8211; 18:30<\/strong> <br \/>Personaliza\u00e7\u00e3o da intelig\u00eancia artificial: novo paradigma jur\u00eddica \u2013 Jo\u00e3o Luiz Vieira Ribeiro<\/li>\n<li><strong>18:30 \u2013 19h<\/strong> <br \/>A injusta justi\u00e7a \u2013 Alexandre Bento Bernardes de Albuquerque<\/li>\n<li><strong>19h \u2013 19:30<\/strong> <br \/>Brisas do progresso: faces e contornos da Primeira Rep\u00fablica em Uni\u00e3o (Pi) \u2013 Jayra Barros Medeiros<\/li>\n<\/ul>\n<\/div>\n<h4 class=\"title\"><span style=\"color: #008080;\"><strong>08\/06 &#8211; quarta-feira<\/strong><\/span><\/h4>\n<ul>\n<li>\n<p>15h \u2013 15:20 <br \/>Sa\u00fade bucal do beb\u00ea: programa preventivo para gestantes e beb\u00eas \u2013 L\u00facia de Deus Moura, Marcoeli Silva de Moura e Maria de Deus Moura de Lima (Orgs.)<\/p>\n<\/li>\n<li>\n<p>15:20 \u201315:40 Faculdade de Odontologia do Piau\u00ed: da funda\u00e7\u00e3o \u00e0 implanta\u00e7\u00e3o da Universidade \u2013 L\u00facia de Deus Moura, Wagner Leal de Moura e Ol\u00edvia de Freitas Mendes Martins (Orgs.)<\/p>\n<\/li>\n<li>\n<p>15:40 \u2013 16h Direito, democracia e mudan\u00e7as instituicionais: homenagem ao professor Ad\u00e9lman de Barros Villa \u2013 \u00c9fren Porf\u00edrio S\u00e1, Nelson Juliano Matos e Ana Lu\u00edsa Melo Nogueira (Orgs).<\/p>\n<\/li>\n<li>\n<p>16h \u2013 16:30 Economia piauiense: pol\u00edticas de desenvolvimento econ\u00f4mico \u2013 Francisco de Assis Veloso Filho<\/p>\n<\/li>\n<li>\n<p>16h30 -17h<br \/>Corpos d\u00f3ceis: a pr\u00e1tica de letramento na Penitenci\u00e1ria Feminina de Teresina-Piau\u00ed \u2013 L\u00edgia Alencar Pac\u00edfico Barreto<\/p>\n<\/li>\n<li>\n<p>17h \u2013 17:30 Terras: dom\u00ednios e servid\u00e3o; Hist\u00f3rias, vag\u00f5es \u2013 Fonseca Neto<\/p>\n<\/li>\n<li>\n<p>17:30 \u2013 18h Marina malina: a menina que trocava o dia pela noite \u2013 Helio Ricardo<\/p>\n<\/li>\n<li>\n<p>18h \u2013 18h30<br \/>Encontro com Deus \u2013 Teresinha Maria de Jesus Oliveira<\/p>\n<\/li>\n<li>\n<p>18:30 \u2013 19h Bloco de notas \u2013 Fernanda Paz<\/p>\n<\/li>\n<li>\n<p>19h \u2013 19:30 Francisca Trindade: o poder e a resist\u00eancia da mulher negra \u2013 Assun\u00e7\u00e3o Sousa; Concei\u00e7\u00e3o Silva, Francisca Nascimento; Halda Regina Silva, Hort\u00eancia Mendes, L\u00facia Ara\u00fajo, Lucineide Barros, Ros\u00e2ngela Amorim e S\u00f4nia Terra<\/p>\n<\/li>\n<\/ul>\n<h4 class=\"title\"><span style=\"color: #008080;\"><strong>09\/06 &#8211; quinta-feira<\/strong><\/span><\/h4>\n<div class=\"time\">\n<ul>\n<li><strong>15h \u2013 15h:30<\/strong> Hist\u00f3ria, cultura e poder \u2013 Cl\u00e1udia Cristina da Silva Fontineles, Talyta Marjorie Lira Sousa<\/li>\n<li><strong>15:30 &#8211; 16h<\/strong> Meu nome agora \u00e9 uma cidade devastada \u2013 Ithalo Furtado<\/li>\n<li><strong>16h \u2013 16:30<\/strong> Nas ondas do rap: surfar na arte de narrar \u2013 Antonio Leandro da Silva<\/li>\n<li><strong>16:30 -17h<\/strong><br \/>A escola do estabelecimento rural de S\u00e3o Pedro de Alc\u00e2ntara \u2013 Jalinson Rodrigues de Sousa<\/li>\n<li><strong>17h \u2013 17: 30<\/strong> O processo de implementa\u00e7\u00e3o da escola p\u00fablica de tempo integral no Piau\u00ed \u2013 Valquiria Mac\u00eado Cantu\u00e1rio<\/li>\n<li><strong>17:30 \u2013 18h<\/strong><br \/>Da Serra da Ibiapaba ao Campus da Ininga &#8211; Luiz Bello<\/li>\n<li><strong>18h \u2013 18:30<\/strong> Feminismo como met\u00e1fora \u2013 Nayara Barros<\/li>\n<\/ul>\n<strong style=\"color: #008080;\">10\/06 &#8211; sexta-feira<\/strong><\/div>\n<ul>\n<li>\n<p><strong>15h \u2013 15h:30<\/strong><\/p>\n<p>P\u00e1ginas impressas- Pedro Vilarinho Castelo Branco<\/p>\n<\/li>\n<li>\n<p><strong>15:30 &#8211; 16h<\/strong> <br \/>A fazenda do rio encantado \u2013 Fabiana Pessoa<\/p>\n<\/li>\n<li>\n<p><strong>16h \u2013 16:30<\/strong><br \/>Political Economy of Journalism: New (and old) logics of production and consumption &#8211; Jaqueline Dourado; Juliana Teixeira; Renan Marques e Samaria Andrade.<\/p>\n<\/li>\n<li>\n<p><strong>16:30 -17h<\/strong><br \/>Chakal \u2013 Aristides Oliveira<\/p>\n<\/li>\n<li>\n<p><strong>17h \u2013 17: 30<\/strong> <br \/>Caminhos da leitura: processos colaborativos \u2013 Maria Ang\u00e9lica Freire de Carvalho; Luizir de Oliveira<\/p>\n<\/li>\n<li>\n<p><strong>17:30 \u2013 18h<\/strong><br \/>Capit\u00e3o Flirk e o artefato dos cinco elementos \u2013 Marcelo Mesquita<br \/>18h \u2013 18:30 Freud al\u00e9m do si-mesmo &#8211; Humberto Guimar\u00e3es<\/p>\n<\/li>\n<li>\n<p><strong>18:30 \u2013 19h<\/strong> <br \/>Economia e desenvolvimento do Piau\u00ed \u2013 Felipe Mendes<\/p>\n<\/li>\n<li>\n<p><strong>19h \u2013 19:30<\/strong> Os gatos quando os dias passam &#8211; Thiago e<\/p>\n<\/li>\n<\/ul>\n<h4 class=\"title\"><span style=\"color: #008080;\"><strong>11\/06 &#8211; s\u00e1bado<\/strong><\/span><\/h4>\n<ul>\n<li>\n<p><strong>15h \u2013 15h:30<\/strong> <br \/>Hist\u00f3ria e Mem\u00f3ria da televis\u00e3o educativa do Piau\u00ed \u2013 Diego Lopes<\/p>\n<\/li>\n<li>\n<p><strong>15:30 &#8211; 16h<\/strong> <br \/>As travessias de Edna Santos<\/p>\n<\/li>\n<li>\n<p><strong>16h \u2013 16:30<\/strong><br \/>Biologia: Programas em sa\u00fade \u2013 Emir Nunes Piaulino e F\u00e1bio Benigno de C. Santos<\/p>\n<\/li>\n<li>\n<p><strong>16:30 -17h<\/strong><br \/>Poetas do Estanhado &#8211; Jo\u00e3o Batista<br \/>Da on\u00e7a ela era chamada \u2013 Daniel Oliveira &amp; Thiago In\u00e1cio<\/p>\n<\/li>\n<li>\n<p><strong>17h \u2013 17: 30<\/strong> Desapaixone-se &#8211; Tito Almeida<\/p>\n<\/li>\n<li>\n<p><strong>17:30 \u2013 18h<\/strong><br \/>Velhos poemas \u2013 Paulo Pereira Goudinho<\/p>\n<\/li>\n<li>\n<p><strong>18h \u2013 18:30<\/strong> <br \/>Em busca de uma rede na varanda \u2013 Oton Lustosa<\/p>\n<\/li>\n<\/ul>\n<h4 class=\"title\"><span style=\"color: #008080;\"><strong>12\/06 &#8211; domingo<\/strong><\/span><\/h4>\n<ul>\n<li><strong>15h- 15:30<\/strong><br \/>Filosofia do ch\u00e3o: experi\u00eancias e cria\u00e7\u00f5es no educar em direitos humanos \u2013 Maria do Socorro Borges da Silva. | Meninas pensadoras da casa de Zabel\u00ea: sociopoetizando corpos mutantes. &#8211; Shara Jane Holanda Costa Adad. | Inser\u00e7\u00e3o na doc\u00eancia e cultura escolar: ressignificando o ser professor \u2013 Carlos Alberto Lima de Oliveira P\u00e1dua; Antonia Dalva Fran\u00e7a-Carvalho<\/li>\n<li><strong>15:30 \u2013 16h<\/strong><br \/>SRA.NACCIF \u2013 Clementino Neto<\/li>\n<li><strong>16h \u2013 16:30<\/strong> <br \/>Tr\u00edade da Aprova\u00e7\u00e3o \u2013 M\u00e1rcio Lima<\/li>\n<li><strong>16h:30 \u2013 17h<\/strong> <br \/>O p\u00e1ssaro amarelo de sol e o agasalho do vento \u2013 D\u00edlson Lages Monteiro<\/li>\n<li><strong>17h \u2013 17h30<\/strong> <br \/>Richard Rorty: uma utopia de solidariedade \u2013 Wilker Marques<\/li>\n<li><strong>17h:30 \u2013 18h<\/strong> <br \/>Exerc\u00edcios de Desafeto \u2013 Marco Antonio<\/li>\n<li><strong>18h \u2013 18h30<\/strong><br \/>A Constru\u00e7\u00e3o intencional da ignor\u00e2ncia: o mercado das informa\u00e7\u00f5es falsas &#8211; Regina Leal<\/li>\n<li><strong>18:30 \u2013 19h<\/strong> <br \/>O cabe\u00e7a de cuia \u2013 Vinicius Bandeira<\/li>\n<li><strong>19h \u2013 18:30<\/strong> <br \/>O que a poesia faz com a dor \u2013 Alzerina Pinho<\/li>\n<li><strong>19:30 \u2013 20h<\/strong> Hist\u00f3ria de uma vida da \u00c1frica ao Brasil \u2013 Fernando M. Sequeira<\/li>\n<li><strong>20h &#8211; 20:30<\/strong> <br \/>A dan\u00e7a do Li- Joseane Maia<\/li>\n<li><strong>20:30 \u2013 21h<\/strong> <br \/>Escrita de Mulheres: pensamentos cr\u00edticos e interdisciplinares \u2013 Eug\u00eania Villa<\/li>\n<\/ul>\n\t\t\t\t\t\t\t\t<\/div>\n\t\t\t\t<\/div>\n\t\t\t\t\t<\/div>\n\t\t\t\t<\/div>\n\t\t\t\t<\/div>\n\t\t\t\t\t<\/div>\n\t\t\t\t<\/div>\n\t\t<div class=\"elementor-element elementor-element-a85add0 e-flex e-con-boxed e-con e-parent\" data-id=\"a85add0\" data-element_type=\"container\" data-settings=\"{&quot;background_background&quot;:&quot;classic&quot;}\">\n\t\t\t\t\t<div class=\"e-con-inner\">\n\t\t<div class=\"elementor-element elementor-element-4b27d68 e-con-full e-flex e-con e-child\" data-id=\"4b27d68\" data-element_type=\"container\">\n\t\t\t\t<div class=\"elementor-element elementor-element-e5f5fa0 elementor-widget elementor-widget-text-editor\" data-id=\"e5f5fa0\" data-element_type=\"widget\" data-widget_type=\"text-editor.default\">\n\t\t\t\t<div class=\"elementor-widget-container\">\n\t\t\t\t\t\t\t\t\t<p><\/p>\n<p><strong>LAN\u00c7AMENTOS \u2013 POCKET SHOWS \u2013 EXPOSI\u00c7\u00d5ES \u2013 PALESTRAS \u2013 DEBATES<\/strong><\/p>\n<p><\/p>\t\t\t\t\t\t\t\t<\/div>\n\t\t\t\t<\/div>\n\t\t\t\t<\/div>\n\t\t\t\t\t<\/div>\n\t\t\t\t<\/div>\n\t\t\t\t<\/div>\n\t\t","protected":false},"excerpt":{"rendered":"<p>O Bate-Papo Liter\u00e1rio, mediado pelo\u00a0professor Luiz Romero\u00a0e pela\u00a0Prof.\u00aa La\u00eds Romero\u00a0que contam ainda com entrevistadores convidados. \u00c9 a vitrine do Sal\u00e3o do Livro do Piau\u00ed. Trata-se do espa\u00e7o destinado aos lan\u00e7amentos de livros e aos bate-papos com escritores consagrados e principiantes, que falam de suas produ\u00e7\u00f5es e de cultura em geral. \u00c9 no espa\u00e7o do Bate-Papo [&hellip;]<\/p>\n","protected":false},"author":1,"featured_media":0,"parent":0,"menu_order":0,"comment_status":"closed","ping_status":"closed","template":"","meta":{"footnotes":""},"class_list":["post-1588","page","type-page","status-publish","hentry"],"acf":[],"yoast_head":"<!-- This site is optimized with the Yoast SEO plugin v25.6 - https:\/\/yoast.com\/wordpress\/plugins\/seo\/ -->\n<title>Bate-Papo Liter\u00e1rio - 12\u00ba Sal\u00e3o do Livro de Valen\u00e7a do Piau\u00ed - SaLiVa<\/title>\n<meta name=\"robots\" content=\"index, follow, max-snippet:-1, max-image-preview:large, max-video-preview:-1\" \/>\n<link rel=\"canonical\" href=\"https:\/\/www.salivapi.com.br\/edicao2022\/bate-papo-literario\/\" \/>\n<meta property=\"og:locale\" content=\"pt_BR\" \/>\n<meta property=\"og:type\" content=\"article\" \/>\n<meta property=\"og:title\" content=\"Bate-Papo Liter\u00e1rio - 12\u00ba Sal\u00e3o do Livro de Valen\u00e7a do Piau\u00ed - SaLiVa\" \/>\n<meta property=\"og:description\" content=\"O Bate-Papo Liter\u00e1rio, mediado pelo\u00a0professor Luiz Romero\u00a0e pela\u00a0Prof.\u00aa La\u00eds Romero\u00a0que contam ainda com entrevistadores convidados. \u00c9 a vitrine do Sal\u00e3o do Livro do Piau\u00ed. Trata-se do espa\u00e7o destinado aos lan\u00e7amentos de livros e aos bate-papos com escritores consagrados e principiantes, que falam de suas produ\u00e7\u00f5es e de cultura em geral. \u00c9 no espa\u00e7o do Bate-Papo [&hellip;]\" \/>\n<meta property=\"og:url\" content=\"https:\/\/www.salivapi.com.br\/edicao2022\/bate-papo-literario\/\" \/>\n<meta property=\"og:site_name\" content=\"12\u00ba Sal\u00e3o do Livro de Valen\u00e7a do Piau\u00ed - SaLiVa\" \/>\n<meta property=\"article:publisher\" content=\"https:\/\/www.facebook.com\/salaodolivrodopiaui\/\" \/>\n<meta property=\"article:modified_time\" content=\"2022-06-08T00:13:22+00:00\" \/>\n<meta name=\"twitter:card\" content=\"summary_large_image\" \/>\n<meta name=\"twitter:label1\" content=\"Est. tempo de leitura\" \/>\n\t<meta name=\"twitter:data1\" content=\"7 minutos\" \/>\n<script type=\"application\/ld+json\" class=\"yoast-schema-graph\">{\"@context\":\"https:\/\/schema.org\",\"@graph\":[{\"@type\":\"WebPage\",\"@id\":\"https:\/\/www.salivapi.com.br\/edicao2022\/bate-papo-literario\/\",\"url\":\"https:\/\/www.salivapi.com.br\/edicao2022\/bate-papo-literario\/\",\"name\":\"Bate-Papo Liter\u00e1rio - 12\u00ba Sal\u00e3o do Livro de Valen\u00e7a do Piau\u00ed - SaLiVa\",\"isPartOf\":{\"@id\":\"https:\/\/www.salivapi.com.br\/edicao2022\/#website\"},\"datePublished\":\"2021-12-05T23:40:28+00:00\",\"dateModified\":\"2022-06-08T00:13:22+00:00\",\"breadcrumb\":{\"@id\":\"https:\/\/www.salivapi.com.br\/edicao2022\/bate-papo-literario\/#breadcrumb\"},\"inLanguage\":\"pt-BR\",\"potentialAction\":[{\"@type\":\"ReadAction\",\"target\":[\"https:\/\/www.salivapi.com.br\/edicao2022\/bate-papo-literario\/\"]}]},{\"@type\":\"BreadcrumbList\",\"@id\":\"https:\/\/www.salivapi.com.br\/edicao2022\/bate-papo-literario\/#breadcrumb\",\"itemListElement\":[{\"@type\":\"ListItem\",\"position\":1,\"name\":\"In\u00edcio\",\"item\":\"https:\/\/www.salivapi.com.br\/edicao2022\/\"},{\"@type\":\"ListItem\",\"position\":2,\"name\":\"Bate-Papo Liter\u00e1rio\"}]},{\"@type\":\"WebSite\",\"@id\":\"https:\/\/www.salivapi.com.br\/edicao2022\/#website\",\"url\":\"https:\/\/www.salivapi.com.br\/edicao2022\/\",\"name\":\"12\u00ba Sal\u00e3o do Livro de Valen\u00e7a do Piau\u00ed - SaLiVa\",\"description\":\"14 a 17 de setembro - Unidade Escolar Santo Ant\u00f4nio \u2013 UESA\",\"publisher\":{\"@id\":\"https:\/\/www.salivapi.com.br\/edicao2022\/#organization\"},\"potentialAction\":[{\"@type\":\"SearchAction\",\"target\":{\"@type\":\"EntryPoint\",\"urlTemplate\":\"https:\/\/www.salivapi.com.br\/edicao2022\/?s={search_term_string}\"},\"query-input\":{\"@type\":\"PropertyValueSpecification\",\"valueRequired\":true,\"valueName\":\"search_term_string\"}}],\"inLanguage\":\"pt-BR\"},{\"@type\":\"Organization\",\"@id\":\"https:\/\/www.salivapi.com.br\/edicao2022\/#organization\",\"name\":\"Sal\u00e3o do Livro de Valen\u00e7a do Piau\u00ed - SaLiVa\",\"url\":\"https:\/\/www.salivapi.com.br\/edicao2022\/\",\"logo\":{\"@type\":\"ImageObject\",\"inLanguage\":\"pt-BR\",\"@id\":\"https:\/\/www.salivapi.com.br\/edicao2022\/#\/schema\/logo\/image\/\",\"url\":\"https:\/\/www.salivapi.com.br\/edicao2022\/wp-content\/uploads\/2021\/10\/logomarca_saliva2022.png\",\"contentUrl\":\"https:\/\/www.salivapi.com.br\/edicao2022\/wp-content\/uploads\/2021\/10\/logomarca_saliva2022.png\",\"width\":400,\"height\":166,\"caption\":\"Sal\u00e3o do Livro de Valen\u00e7a do Piau\u00ed - SaLiVa\"},\"image\":{\"@id\":\"https:\/\/www.salivapi.com.br\/edicao2022\/#\/schema\/logo\/image\/\"},\"sameAs\":[\"https:\/\/www.facebook.com\/salaodolivrodopiaui\/\",\"https:\/\/www.instagram.com\/salaodolivrodopiaui\/\"]}]}<\/script>\n<!-- \/ Yoast SEO plugin. -->","yoast_head_json":{"title":"Bate-Papo Liter\u00e1rio - 12\u00ba Sal\u00e3o do Livro de Valen\u00e7a do Piau\u00ed - SaLiVa","robots":{"index":"index","follow":"follow","max-snippet":"max-snippet:-1","max-image-preview":"max-image-preview:large","max-video-preview":"max-video-preview:-1"},"canonical":"https:\/\/www.salivapi.com.br\/edicao2022\/bate-papo-literario\/","og_locale":"pt_BR","og_type":"article","og_title":"Bate-Papo Liter\u00e1rio - 12\u00ba Sal\u00e3o do Livro de Valen\u00e7a do Piau\u00ed - SaLiVa","og_description":"O Bate-Papo Liter\u00e1rio, mediado pelo\u00a0professor Luiz Romero\u00a0e pela\u00a0Prof.\u00aa La\u00eds Romero\u00a0que contam ainda com entrevistadores convidados. \u00c9 a vitrine do Sal\u00e3o do Livro do Piau\u00ed. Trata-se do espa\u00e7o destinado aos lan\u00e7amentos de livros e aos bate-papos com escritores consagrados e principiantes, que falam de suas produ\u00e7\u00f5es e de cultura em geral. \u00c9 no espa\u00e7o do Bate-Papo [&hellip;]","og_url":"https:\/\/www.salivapi.com.br\/edicao2022\/bate-papo-literario\/","og_site_name":"12\u00ba Sal\u00e3o do Livro de Valen\u00e7a do Piau\u00ed - SaLiVa","article_publisher":"https:\/\/www.facebook.com\/salaodolivrodopiaui\/","article_modified_time":"2022-06-08T00:13:22+00:00","twitter_card":"summary_large_image","twitter_misc":{"Est. tempo de leitura":"7 minutos"},"schema":{"@context":"https:\/\/schema.org","@graph":[{"@type":"WebPage","@id":"https:\/\/www.salivapi.com.br\/edicao2022\/bate-papo-literario\/","url":"https:\/\/www.salivapi.com.br\/edicao2022\/bate-papo-literario\/","name":"Bate-Papo Liter\u00e1rio - 12\u00ba Sal\u00e3o do Livro de Valen\u00e7a do Piau\u00ed - SaLiVa","isPartOf":{"@id":"https:\/\/www.salivapi.com.br\/edicao2022\/#website"},"datePublished":"2021-12-05T23:40:28+00:00","dateModified":"2022-06-08T00:13:22+00:00","breadcrumb":{"@id":"https:\/\/www.salivapi.com.br\/edicao2022\/bate-papo-literario\/#breadcrumb"},"inLanguage":"pt-BR","potentialAction":[{"@type":"ReadAction","target":["https:\/\/www.salivapi.com.br\/edicao2022\/bate-papo-literario\/"]}]},{"@type":"BreadcrumbList","@id":"https:\/\/www.salivapi.com.br\/edicao2022\/bate-papo-literario\/#breadcrumb","itemListElement":[{"@type":"ListItem","position":1,"name":"In\u00edcio","item":"https:\/\/www.salivapi.com.br\/edicao2022\/"},{"@type":"ListItem","position":2,"name":"Bate-Papo Liter\u00e1rio"}]},{"@type":"WebSite","@id":"https:\/\/www.salivapi.com.br\/edicao2022\/#website","url":"https:\/\/www.salivapi.com.br\/edicao2022\/","name":"12\u00ba Sal\u00e3o do Livro de Valen\u00e7a do Piau\u00ed - SaLiVa","description":"14 a 17 de setembro - Unidade Escolar Santo Ant\u00f4nio \u2013 UESA","publisher":{"@id":"https:\/\/www.salivapi.com.br\/edicao2022\/#organization"},"potentialAction":[{"@type":"SearchAction","target":{"@type":"EntryPoint","urlTemplate":"https:\/\/www.salivapi.com.br\/edicao2022\/?s={search_term_string}"},"query-input":{"@type":"PropertyValueSpecification","valueRequired":true,"valueName":"search_term_string"}}],"inLanguage":"pt-BR"},{"@type":"Organization","@id":"https:\/\/www.salivapi.com.br\/edicao2022\/#organization","name":"Sal\u00e3o do Livro de Valen\u00e7a do Piau\u00ed - SaLiVa","url":"https:\/\/www.salivapi.com.br\/edicao2022\/","logo":{"@type":"ImageObject","inLanguage":"pt-BR","@id":"https:\/\/www.salivapi.com.br\/edicao2022\/#\/schema\/logo\/image\/","url":"https:\/\/www.salivapi.com.br\/edicao2022\/wp-content\/uploads\/2021\/10\/logomarca_saliva2022.png","contentUrl":"https:\/\/www.salivapi.com.br\/edicao2022\/wp-content\/uploads\/2021\/10\/logomarca_saliva2022.png","width":400,"height":166,"caption":"Sal\u00e3o do Livro de Valen\u00e7a do Piau\u00ed - SaLiVa"},"image":{"@id":"https:\/\/www.salivapi.com.br\/edicao2022\/#\/schema\/logo\/image\/"},"sameAs":["https:\/\/www.facebook.com\/salaodolivrodopiaui\/","https:\/\/www.instagram.com\/salaodolivrodopiaui\/"]}]}},"_links":{"self":[{"href":"https:\/\/www.salivapi.com.br\/edicao2022\/wp-json\/wp\/v2\/pages\/1588","targetHints":{"allow":["GET"]}}],"collection":[{"href":"https:\/\/www.salivapi.com.br\/edicao2022\/wp-json\/wp\/v2\/pages"}],"about":[{"href":"https:\/\/www.salivapi.com.br\/edicao2022\/wp-json\/wp\/v2\/types\/page"}],"author":[{"embeddable":true,"href":"https:\/\/www.salivapi.com.br\/edicao2022\/wp-json\/wp\/v2\/users\/1"}],"replies":[{"embeddable":true,"href":"https:\/\/www.salivapi.com.br\/edicao2022\/wp-json\/wp\/v2\/comments?post=1588"}],"version-history":[{"count":46,"href":"https:\/\/www.salivapi.com.br\/edicao2022\/wp-json\/wp\/v2\/pages\/1588\/revisions"}],"predecessor-version":[{"id":4784,"href":"https:\/\/www.salivapi.com.br\/edicao2022\/wp-json\/wp\/v2\/pages\/1588\/revisions\/4784"}],"wp:attachment":[{"href":"https:\/\/www.salivapi.com.br\/edicao2022\/wp-json\/wp\/v2\/media?parent=1588"}],"curies":[{"name":"wp","href":"https:\/\/api.w.org\/{rel}","templated":true}]}}