{"id":1401,"date":"2021-12-05T17:51:05","date_gmt":"2021-12-05T20:51:05","guid":{"rendered":"https:\/\/www.salivapi.com.br\/edicao2022\/?page_id=1401"},"modified":"2022-09-13T07:48:42","modified_gmt":"2022-09-13T10:48:42","slug":"voluntarios","status":"publish","type":"page","link":"https:\/\/www.salivapi.com.br\/edicao2022\/voluntarios\/","title":{"rendered":"Volunt\u00e1rios"},"content":{"rendered":"\t\t<div data-elementor-type=\"wp-page\" data-elementor-id=\"1401\" class=\"elementor elementor-1401\" data-elementor-post-type=\"page\">\n\t\t\t\t<div class=\"elementor-element elementor-element-3497ac7 e-flex e-con-boxed e-con e-parent\" data-id=\"3497ac7\" data-element_type=\"container\">\n\t\t\t\t\t<div class=\"e-con-inner\">\n\t\t<div class=\"elementor-element elementor-element-39994e0 e-con-full e-flex e-con e-child\" data-id=\"39994e0\" data-element_type=\"container\">\n\t\t\t\t<div class=\"elementor-element elementor-element-02c6d41 elementor-widget elementor-widget-text-editor\" data-id=\"02c6d41\" data-element_type=\"widget\" data-widget_type=\"text-editor.default\">\n\t\t\t\t<div class=\"elementor-widget-container\">\n\t\t\t\t\t\t\t\t\t<p><\/p>\n<p style=\"text-align: left;\">Durante todos os dias do Sal\u00e3o do Livro de Valen\u00e7a do Piau\u00ed \u00e9 poss\u00edvel v\u00ea-los circulando em todas as \u00e1reas \u2013 seja auxiliando durante as palestras, entregando material ou mesmo direcionando convidados. A cada ano, o SaLiVa conta com a valorosa participa\u00e7\u00e3o de volunt\u00e1rios que abrem m\u00e3o de horas de seus dias para garantir que o evento seja um sucesso.<\/p>\n<p style=\"text-align: left;\">Os volunt\u00e1rios s\u00e3o fundamentais, j\u00e1 que a coordena\u00e7\u00e3o do evento n\u00e3o tem como estar em todos os locais ao mesmo tempo. Eles movimentam o evento, e\u00a0 ajudam \u2013 do espa\u00e7o de bate-papo, aos estandes, eles v\u00eam empolgados, felizes de participar desse evento que eles gostam tanto.<\/p>\n<p><\/p>\t\t\t\t\t\t\t\t<\/div>\n\t\t\t\t<\/div>\n\t\t\t\t<\/div>\n\t\t\t\t\t<\/div>\n\t\t\t\t<\/div>\n\t\t<div class=\"elementor-element elementor-element-e9234e4 e-flex e-con-boxed e-con e-parent\" data-id=\"e9234e4\" data-element_type=\"container\">\n\t\t\t\t\t<div class=\"e-con-inner\">\n\t\t\t\t\t<\/div>\n\t\t\t\t<\/div>\n\t\t\t\t<\/div>\n\t\t","protected":false},"excerpt":{"rendered":"<p>Durante todos os dias do Sal\u00e3o do Livro de Valen\u00e7a do Piau\u00ed \u00e9 poss\u00edvel v\u00ea-los circulando em todas as \u00e1reas \u2013 seja auxiliando durante as palestras, entregando material ou mesmo direcionando convidados. A cada ano, o SaLiVa conta com a valorosa participa\u00e7\u00e3o de volunt\u00e1rios que abrem m\u00e3o de horas de seus dias para garantir que [&hellip;]<\/p>\n","protected":false},"author":1,"featured_media":0,"parent":0,"menu_order":0,"comment_status":"closed","ping_status":"closed","template":"","meta":{"footnotes":""},"class_list":["post-1401","page","type-page","status-publish","hentry"],"acf":[],"yoast_head":"<!-- This site is optimized with the Yoast SEO plugin v25.6 - https:\/\/yoast.com\/wordpress\/plugins\/seo\/ -->\n<title>Volunt\u00e1rios - 12\u00ba Sal\u00e3o do Livro de Valen\u00e7a do Piau\u00ed - SaLiVa<\/title>\n<meta name=\"robots\" content=\"index, follow, max-snippet:-1, max-image-preview:large, max-video-preview:-1\" \/>\n<link rel=\"canonical\" href=\"https:\/\/www.salivapi.com.br\/edicao2022\/voluntarios\/\" \/>\n<meta property=\"og:locale\" content=\"pt_BR\" \/>\n<meta property=\"og:type\" content=\"article\" \/>\n<meta property=\"og:title\" content=\"Volunt\u00e1rios - 12\u00ba Sal\u00e3o do Livro de Valen\u00e7a do Piau\u00ed - SaLiVa\" \/>\n<meta property=\"og:description\" content=\"Durante todos os dias do Sal\u00e3o do Livro de Valen\u00e7a do Piau\u00ed \u00e9 poss\u00edvel v\u00ea-los circulando em todas as \u00e1reas \u2013 seja auxiliando durante as palestras, entregando material ou mesmo direcionando convidados. A cada ano, o SaLiVa conta com a valorosa participa\u00e7\u00e3o de volunt\u00e1rios que abrem m\u00e3o de horas de seus dias para garantir que [&hellip;]\" \/>\n<meta property=\"og:url\" content=\"https:\/\/www.salivapi.com.br\/edicao2022\/voluntarios\/\" \/>\n<meta property=\"og:site_name\" content=\"12\u00ba Sal\u00e3o do Livro de Valen\u00e7a do Piau\u00ed - SaLiVa\" \/>\n<meta property=\"article:publisher\" content=\"https:\/\/www.facebook.com\/salaodolivrodopiaui\/\" \/>\n<meta property=\"article:modified_time\" content=\"2022-09-13T10:48:42+00:00\" \/>\n<meta name=\"twitter:card\" content=\"summary_large_image\" \/>\n<meta name=\"twitter:label1\" content=\"Est. tempo de leitura\" \/>\n\t<meta name=\"twitter:data1\" content=\"1 minuto\" \/>\n<script type=\"application\/ld+json\" class=\"yoast-schema-graph\">{\"@context\":\"https:\/\/schema.org\",\"@graph\":[{\"@type\":\"WebPage\",\"@id\":\"https:\/\/www.salivapi.com.br\/edicao2022\/voluntarios\/\",\"url\":\"https:\/\/www.salivapi.com.br\/edicao2022\/voluntarios\/\",\"name\":\"Volunt\u00e1rios - 12\u00ba Sal\u00e3o do Livro de Valen\u00e7a do Piau\u00ed - SaLiVa\",\"isPartOf\":{\"@id\":\"https:\/\/www.salivapi.com.br\/edicao2022\/#website\"},\"datePublished\":\"2021-12-05T20:51:05+00:00\",\"dateModified\":\"2022-09-13T10:48:42+00:00\",\"breadcrumb\":{\"@id\":\"https:\/\/www.salivapi.com.br\/edicao2022\/voluntarios\/#breadcrumb\"},\"inLanguage\":\"pt-BR\",\"potentialAction\":[{\"@type\":\"ReadAction\",\"target\":[\"https:\/\/www.salivapi.com.br\/edicao2022\/voluntarios\/\"]}]},{\"@type\":\"BreadcrumbList\",\"@id\":\"https:\/\/www.salivapi.com.br\/edicao2022\/voluntarios\/#breadcrumb\",\"itemListElement\":[{\"@type\":\"ListItem\",\"position\":1,\"name\":\"In\u00edcio\",\"item\":\"https:\/\/www.salivapi.com.br\/edicao2022\/\"},{\"@type\":\"ListItem\",\"position\":2,\"name\":\"Volunt\u00e1rios\"}]},{\"@type\":\"WebSite\",\"@id\":\"https:\/\/www.salivapi.com.br\/edicao2022\/#website\",\"url\":\"https:\/\/www.salivapi.com.br\/edicao2022\/\",\"name\":\"12\u00ba Sal\u00e3o do Livro de Valen\u00e7a do Piau\u00ed - SaLiVa\",\"description\":\"14 a 17 de setembro - Unidade Escolar Santo Ant\u00f4nio \u2013 UESA\",\"publisher\":{\"@id\":\"https:\/\/www.salivapi.com.br\/edicao2022\/#organization\"},\"potentialAction\":[{\"@type\":\"SearchAction\",\"target\":{\"@type\":\"EntryPoint\",\"urlTemplate\":\"https:\/\/www.salivapi.com.br\/edicao2022\/?s={search_term_string}\"},\"query-input\":{\"@type\":\"PropertyValueSpecification\",\"valueRequired\":true,\"valueName\":\"search_term_string\"}}],\"inLanguage\":\"pt-BR\"},{\"@type\":\"Organization\",\"@id\":\"https:\/\/www.salivapi.com.br\/edicao2022\/#organization\",\"name\":\"Sal\u00e3o do Livro de Valen\u00e7a do Piau\u00ed - SaLiVa\",\"url\":\"https:\/\/www.salivapi.com.br\/edicao2022\/\",\"logo\":{\"@type\":\"ImageObject\",\"inLanguage\":\"pt-BR\",\"@id\":\"https:\/\/www.salivapi.com.br\/edicao2022\/#\/schema\/logo\/image\/\",\"url\":\"https:\/\/www.salivapi.com.br\/edicao2022\/wp-content\/uploads\/2021\/10\/logomarca_saliva2022.png\",\"contentUrl\":\"https:\/\/www.salivapi.com.br\/edicao2022\/wp-content\/uploads\/2021\/10\/logomarca_saliva2022.png\",\"width\":400,\"height\":166,\"caption\":\"Sal\u00e3o do Livro de Valen\u00e7a do Piau\u00ed - SaLiVa\"},\"image\":{\"@id\":\"https:\/\/www.salivapi.com.br\/edicao2022\/#\/schema\/logo\/image\/\"},\"sameAs\":[\"https:\/\/www.facebook.com\/salaodolivrodopiaui\/\",\"https:\/\/www.instagram.com\/salaodolivrodopiaui\/\"]}]}<\/script>\n<!-- \/ Yoast SEO plugin. -->","yoast_head_json":{"title":"Volunt\u00e1rios - 12\u00ba Sal\u00e3o do Livro de Valen\u00e7a do Piau\u00ed - SaLiVa","robots":{"index":"index","follow":"follow","max-snippet":"max-snippet:-1","max-image-preview":"max-image-preview:large","max-video-preview":"max-video-preview:-1"},"canonical":"https:\/\/www.salivapi.com.br\/edicao2022\/voluntarios\/","og_locale":"pt_BR","og_type":"article","og_title":"Volunt\u00e1rios - 12\u00ba Sal\u00e3o do Livro de Valen\u00e7a do Piau\u00ed - SaLiVa","og_description":"Durante todos os dias do Sal\u00e3o do Livro de Valen\u00e7a do Piau\u00ed \u00e9 poss\u00edvel v\u00ea-los circulando em todas as \u00e1reas \u2013 seja auxiliando durante as palestras, entregando material ou mesmo direcionando convidados. A cada ano, o SaLiVa conta com a valorosa participa\u00e7\u00e3o de volunt\u00e1rios que abrem m\u00e3o de horas de seus dias para garantir que [&hellip;]","og_url":"https:\/\/www.salivapi.com.br\/edicao2022\/voluntarios\/","og_site_name":"12\u00ba Sal\u00e3o do Livro de Valen\u00e7a do Piau\u00ed - SaLiVa","article_publisher":"https:\/\/www.facebook.com\/salaodolivrodopiaui\/","article_modified_time":"2022-09-13T10:48:42+00:00","twitter_card":"summary_large_image","twitter_misc":{"Est. tempo de leitura":"1 minuto"},"schema":{"@context":"https:\/\/schema.org","@graph":[{"@type":"WebPage","@id":"https:\/\/www.salivapi.com.br\/edicao2022\/voluntarios\/","url":"https:\/\/www.salivapi.com.br\/edicao2022\/voluntarios\/","name":"Volunt\u00e1rios - 12\u00ba Sal\u00e3o do Livro de Valen\u00e7a do Piau\u00ed - SaLiVa","isPartOf":{"@id":"https:\/\/www.salivapi.com.br\/edicao2022\/#website"},"datePublished":"2021-12-05T20:51:05+00:00","dateModified":"2022-09-13T10:48:42+00:00","breadcrumb":{"@id":"https:\/\/www.salivapi.com.br\/edicao2022\/voluntarios\/#breadcrumb"},"inLanguage":"pt-BR","potentialAction":[{"@type":"ReadAction","target":["https:\/\/www.salivapi.com.br\/edicao2022\/voluntarios\/"]}]},{"@type":"BreadcrumbList","@id":"https:\/\/www.salivapi.com.br\/edicao2022\/voluntarios\/#breadcrumb","itemListElement":[{"@type":"ListItem","position":1,"name":"In\u00edcio","item":"https:\/\/www.salivapi.com.br\/edicao2022\/"},{"@type":"ListItem","position":2,"name":"Volunt\u00e1rios"}]},{"@type":"WebSite","@id":"https:\/\/www.salivapi.com.br\/edicao2022\/#website","url":"https:\/\/www.salivapi.com.br\/edicao2022\/","name":"12\u00ba Sal\u00e3o do Livro de Valen\u00e7a do Piau\u00ed - SaLiVa","description":"14 a 17 de setembro - Unidade Escolar Santo Ant\u00f4nio \u2013 UESA","publisher":{"@id":"https:\/\/www.salivapi.com.br\/edicao2022\/#organization"},"potentialAction":[{"@type":"SearchAction","target":{"@type":"EntryPoint","urlTemplate":"https:\/\/www.salivapi.com.br\/edicao2022\/?s={search_term_string}"},"query-input":{"@type":"PropertyValueSpecification","valueRequired":true,"valueName":"search_term_string"}}],"inLanguage":"pt-BR"},{"@type":"Organization","@id":"https:\/\/www.salivapi.com.br\/edicao2022\/#organization","name":"Sal\u00e3o do Livro de Valen\u00e7a do Piau\u00ed - SaLiVa","url":"https:\/\/www.salivapi.com.br\/edicao2022\/","logo":{"@type":"ImageObject","inLanguage":"pt-BR","@id":"https:\/\/www.salivapi.com.br\/edicao2022\/#\/schema\/logo\/image\/","url":"https:\/\/www.salivapi.com.br\/edicao2022\/wp-content\/uploads\/2021\/10\/logomarca_saliva2022.png","contentUrl":"https:\/\/www.salivapi.com.br\/edicao2022\/wp-content\/uploads\/2021\/10\/logomarca_saliva2022.png","width":400,"height":166,"caption":"Sal\u00e3o do Livro de Valen\u00e7a do Piau\u00ed - SaLiVa"},"image":{"@id":"https:\/\/www.salivapi.com.br\/edicao2022\/#\/schema\/logo\/image\/"},"sameAs":["https:\/\/www.facebook.com\/salaodolivrodopiaui\/","https:\/\/www.instagram.com\/salaodolivrodopiaui\/"]}]}},"_links":{"self":[{"href":"https:\/\/www.salivapi.com.br\/edicao2022\/wp-json\/wp\/v2\/pages\/1401","targetHints":{"allow":["GET"]}}],"collection":[{"href":"https:\/\/www.salivapi.com.br\/edicao2022\/wp-json\/wp\/v2\/pages"}],"about":[{"href":"https:\/\/www.salivapi.com.br\/edicao2022\/wp-json\/wp\/v2\/types\/page"}],"author":[{"embeddable":true,"href":"https:\/\/www.salivapi.com.br\/edicao2022\/wp-json\/wp\/v2\/users\/1"}],"replies":[{"embeddable":true,"href":"https:\/\/www.salivapi.com.br\/edicao2022\/wp-json\/wp\/v2\/comments?post=1401"}],"version-history":[{"count":50,"href":"https:\/\/www.salivapi.com.br\/edicao2022\/wp-json\/wp\/v2\/pages\/1401\/revisions"}],"predecessor-version":[{"id":5485,"href":"https:\/\/www.salivapi.com.br\/edicao2022\/wp-json\/wp\/v2\/pages\/1401\/revisions\/5485"}],"wp:attachment":[{"href":"https:\/\/www.salivapi.com.br\/edicao2022\/wp-json\/wp\/v2\/media?parent=1401"}],"curies":[{"name":"wp","href":"https:\/\/api.w.org\/{rel}","templated":true}]}}