{"id":1397,"date":"2021-12-05T17:50:13","date_gmt":"2021-12-05T20:50:13","guid":{"rendered":"https:\/\/www.salivapi.com.br\/edicao2022\/?page_id=1397"},"modified":"2022-09-11T20:14:12","modified_gmt":"2022-09-11T23:14:12","slug":"localizacao","status":"publish","type":"page","link":"https:\/\/www.salivapi.com.br\/edicao2022\/localizacao\/","title":{"rendered":"Localiza\u00e7\u00e3o"},"content":{"rendered":"\t\t<div data-elementor-type=\"wp-page\" data-elementor-id=\"1397\" class=\"elementor elementor-1397\" data-elementor-post-type=\"page\">\n\t\t\t\t\t\t<section class=\"elementor-section elementor-top-section elementor-element elementor-element-7a4b734d elementor-section-boxed elementor-section-height-default elementor-section-height-default\" data-id=\"7a4b734d\" data-element_type=\"section\">\n\t\t\t\t\t\t<div class=\"elementor-container elementor-column-gap-default\">\n\t\t\t\t\t<div class=\"elementor-column elementor-col-100 elementor-top-column elementor-element elementor-element-5d15444d\" data-id=\"5d15444d\" data-element_type=\"column\">\n\t\t\t<div class=\"elementor-widget-wrap elementor-element-populated\">\n\t\t\t\t\t\t<div class=\"elementor-element elementor-element-4371eccf elementor-widget elementor-widget-text-editor\" data-id=\"4371eccf\" data-element_type=\"widget\" data-widget_type=\"text-editor.default\">\n\t\t\t\t<div class=\"elementor-widget-container\">\n\t\t\t\t\t\t\t\t\t\n<p>O Sal\u00e3o do Livro de Valen\u00e7a do Piau\u00ed &#8211; SALIVA, \u00e9 realizado na <strong>Unidade Escolar Santo Ant\u00f4nio \u2013 UESA<\/strong>, no per\u00edodo de <strong>14 a 17 de setembro<\/strong> o p\u00fablico poder\u00e1 conferir uma programa\u00e7\u00e3o diversificada com apresenta\u00e7\u00f5es art\u00edsticas, musicais e palestras. Ser\u00e3o tr\u00eas dias de atividades voltada para literatura, arte e cultura. Veja no mapa!<\/p>\n<h3 class=\"DUwDvf fontHeadlineLarge\"><strong>Unidade Escolar Santo Ant\u00f4nio \u2013 UESA<\/strong><\/h3>\n<p>Audit\u00f3rio Padre Raimundo Nonato de Oliveira Marques<br \/>Rua cel. Anibal Martins, Valen\u00e7a do Piau\u00ed, PI<\/p>\n<p>\u00a0<\/p>\n\t\t\t\t\t\t\t\t<\/div>\n\t\t\t\t<\/div>\n\t\t\t\t\t<\/div>\n\t\t<\/div>\n\t\t\t\t\t<\/div>\n\t\t<\/section>\n\t\t\t\t<section class=\"elementor-section elementor-top-section elementor-element elementor-element-fd842a2 elementor-section-boxed elementor-section-height-default elementor-section-height-default\" data-id=\"fd842a2\" data-element_type=\"section\">\n\t\t\t\t\t\t<div class=\"elementor-container elementor-column-gap-default\">\n\t\t\t\t\t<div class=\"elementor-column elementor-col-100 elementor-top-column elementor-element elementor-element-8928528\" data-id=\"8928528\" data-element_type=\"column\">\n\t\t\t<div class=\"elementor-widget-wrap elementor-element-populated\">\n\t\t\t\t\t\t<div class=\"elementor-element elementor-element-3bb2a71 elementor-widget elementor-widget-google_maps\" data-id=\"3bb2a71\" data-element_type=\"widget\" data-widget_type=\"google_maps.default\">\n\t\t\t\t<div class=\"elementor-widget-container\">\n\t\t\t\t\t\t\t<div class=\"elementor-custom-embed\">\n\t\t\t<iframe loading=\"lazy\"\n\t\t\t\t\tsrc=\"https:\/\/maps.google.com\/maps?q=CEEP%20Santo%20Ant%C3%B4nio&#038;t=m&#038;z=15&#038;output=embed&#038;iwloc=near\"\n\t\t\t\t\ttitle=\"CEEP Santo Ant\u00f4nio\"\n\t\t\t\t\taria-label=\"CEEP Santo Ant\u00f4nio\"\n\t\t\t><\/iframe>\n\t\t<\/div>\n\t\t\t\t\t\t<\/div>\n\t\t\t\t<\/div>\n\t\t\t\t\t<\/div>\n\t\t<\/div>\n\t\t\t\t\t<\/div>\n\t\t<\/section>\n\t\t\t\t<\/div>\n\t\t","protected":false},"excerpt":{"rendered":"<p>O Sal\u00e3o do Livro de Valen\u00e7a do Piau\u00ed &#8211; SALIVA, \u00e9 realizado na Unidade Escolar Santo Ant\u00f4nio \u2013 UESA, no per\u00edodo de 14 a 17 de setembro o p\u00fablico poder\u00e1 conferir uma programa\u00e7\u00e3o diversificada com apresenta\u00e7\u00f5es art\u00edsticas, musicais e palestras. Ser\u00e3o tr\u00eas dias de atividades voltada para literatura, arte e cultura. Veja no mapa! Unidade [&hellip;]<\/p>\n","protected":false},"author":1,"featured_media":0,"parent":0,"menu_order":0,"comment_status":"closed","ping_status":"closed","template":"","meta":{"footnotes":""},"class_list":["post-1397","page","type-page","status-publish","hentry"],"acf":[],"yoast_head":"<!-- This site is optimized with the Yoast SEO plugin v25.6 - https:\/\/yoast.com\/wordpress\/plugins\/seo\/ -->\n<title>Localiza\u00e7\u00e3o - 12\u00ba Sal\u00e3o do Livro de Valen\u00e7a do Piau\u00ed - SaLiVa<\/title>\n<meta name=\"robots\" content=\"index, follow, max-snippet:-1, max-image-preview:large, max-video-preview:-1\" \/>\n<link rel=\"canonical\" href=\"https:\/\/www.salivapi.com.br\/edicao2022\/localizacao\/\" \/>\n<meta property=\"og:locale\" content=\"pt_BR\" \/>\n<meta property=\"og:type\" content=\"article\" \/>\n<meta property=\"og:title\" content=\"Localiza\u00e7\u00e3o - 12\u00ba Sal\u00e3o do Livro de Valen\u00e7a do Piau\u00ed - SaLiVa\" \/>\n<meta property=\"og:description\" content=\"O Sal\u00e3o do Livro de Valen\u00e7a do Piau\u00ed &#8211; SALIVA, \u00e9 realizado na Unidade Escolar Santo Ant\u00f4nio \u2013 UESA, no per\u00edodo de 14 a 17 de setembro o p\u00fablico poder\u00e1 conferir uma programa\u00e7\u00e3o diversificada com apresenta\u00e7\u00f5es art\u00edsticas, musicais e palestras. Ser\u00e3o tr\u00eas dias de atividades voltada para literatura, arte e cultura. Veja no mapa! Unidade [&hellip;]\" \/>\n<meta property=\"og:url\" content=\"https:\/\/www.salivapi.com.br\/edicao2022\/localizacao\/\" \/>\n<meta property=\"og:site_name\" content=\"12\u00ba Sal\u00e3o do Livro de Valen\u00e7a do Piau\u00ed - SaLiVa\" \/>\n<meta property=\"article:publisher\" content=\"https:\/\/www.facebook.com\/salaodolivrodopiaui\/\" \/>\n<meta property=\"article:modified_time\" content=\"2022-09-11T23:14:12+00:00\" \/>\n<meta name=\"twitter:card\" content=\"summary_large_image\" \/>\n<meta name=\"twitter:label1\" content=\"Est. tempo de leitura\" \/>\n\t<meta name=\"twitter:data1\" content=\"1 minuto\" \/>\n<script type=\"application\/ld+json\" class=\"yoast-schema-graph\">{\"@context\":\"https:\/\/schema.org\",\"@graph\":[{\"@type\":\"WebPage\",\"@id\":\"https:\/\/www.salivapi.com.br\/edicao2022\/localizacao\/\",\"url\":\"https:\/\/www.salivapi.com.br\/edicao2022\/localizacao\/\",\"name\":\"Localiza\u00e7\u00e3o - 12\u00ba Sal\u00e3o do Livro de Valen\u00e7a do Piau\u00ed - SaLiVa\",\"isPartOf\":{\"@id\":\"https:\/\/www.salivapi.com.br\/edicao2022\/#website\"},\"datePublished\":\"2021-12-05T20:50:13+00:00\",\"dateModified\":\"2022-09-11T23:14:12+00:00\",\"breadcrumb\":{\"@id\":\"https:\/\/www.salivapi.com.br\/edicao2022\/localizacao\/#breadcrumb\"},\"inLanguage\":\"pt-BR\",\"potentialAction\":[{\"@type\":\"ReadAction\",\"target\":[\"https:\/\/www.salivapi.com.br\/edicao2022\/localizacao\/\"]}]},{\"@type\":\"BreadcrumbList\",\"@id\":\"https:\/\/www.salivapi.com.br\/edicao2022\/localizacao\/#breadcrumb\",\"itemListElement\":[{\"@type\":\"ListItem\",\"position\":1,\"name\":\"In\u00edcio\",\"item\":\"https:\/\/www.salivapi.com.br\/edicao2022\/\"},{\"@type\":\"ListItem\",\"position\":2,\"name\":\"Localiza\u00e7\u00e3o\"}]},{\"@type\":\"WebSite\",\"@id\":\"https:\/\/www.salivapi.com.br\/edicao2022\/#website\",\"url\":\"https:\/\/www.salivapi.com.br\/edicao2022\/\",\"name\":\"12\u00ba Sal\u00e3o do Livro de Valen\u00e7a do Piau\u00ed - SaLiVa\",\"description\":\"14 a 17 de setembro - Unidade Escolar Santo Ant\u00f4nio \u2013 UESA\",\"publisher\":{\"@id\":\"https:\/\/www.salivapi.com.br\/edicao2022\/#organization\"},\"potentialAction\":[{\"@type\":\"SearchAction\",\"target\":{\"@type\":\"EntryPoint\",\"urlTemplate\":\"https:\/\/www.salivapi.com.br\/edicao2022\/?s={search_term_string}\"},\"query-input\":{\"@type\":\"PropertyValueSpecification\",\"valueRequired\":true,\"valueName\":\"search_term_string\"}}],\"inLanguage\":\"pt-BR\"},{\"@type\":\"Organization\",\"@id\":\"https:\/\/www.salivapi.com.br\/edicao2022\/#organization\",\"name\":\"Sal\u00e3o do Livro de Valen\u00e7a do Piau\u00ed - SaLiVa\",\"url\":\"https:\/\/www.salivapi.com.br\/edicao2022\/\",\"logo\":{\"@type\":\"ImageObject\",\"inLanguage\":\"pt-BR\",\"@id\":\"https:\/\/www.salivapi.com.br\/edicao2022\/#\/schema\/logo\/image\/\",\"url\":\"https:\/\/www.salivapi.com.br\/edicao2022\/wp-content\/uploads\/2021\/10\/logomarca_saliva2022.png\",\"contentUrl\":\"https:\/\/www.salivapi.com.br\/edicao2022\/wp-content\/uploads\/2021\/10\/logomarca_saliva2022.png\",\"width\":400,\"height\":166,\"caption\":\"Sal\u00e3o do Livro de Valen\u00e7a do Piau\u00ed - SaLiVa\"},\"image\":{\"@id\":\"https:\/\/www.salivapi.com.br\/edicao2022\/#\/schema\/logo\/image\/\"},\"sameAs\":[\"https:\/\/www.facebook.com\/salaodolivrodopiaui\/\",\"https:\/\/www.instagram.com\/salaodolivrodopiaui\/\"]}]}<\/script>\n<!-- \/ Yoast SEO plugin. -->","yoast_head_json":{"title":"Localiza\u00e7\u00e3o - 12\u00ba Sal\u00e3o do Livro de Valen\u00e7a do Piau\u00ed - SaLiVa","robots":{"index":"index","follow":"follow","max-snippet":"max-snippet:-1","max-image-preview":"max-image-preview:large","max-video-preview":"max-video-preview:-1"},"canonical":"https:\/\/www.salivapi.com.br\/edicao2022\/localizacao\/","og_locale":"pt_BR","og_type":"article","og_title":"Localiza\u00e7\u00e3o - 12\u00ba Sal\u00e3o do Livro de Valen\u00e7a do Piau\u00ed - SaLiVa","og_description":"O Sal\u00e3o do Livro de Valen\u00e7a do Piau\u00ed &#8211; SALIVA, \u00e9 realizado na Unidade Escolar Santo Ant\u00f4nio \u2013 UESA, no per\u00edodo de 14 a 17 de setembro o p\u00fablico poder\u00e1 conferir uma programa\u00e7\u00e3o diversificada com apresenta\u00e7\u00f5es art\u00edsticas, musicais e palestras. Ser\u00e3o tr\u00eas dias de atividades voltada para literatura, arte e cultura. Veja no mapa! Unidade [&hellip;]","og_url":"https:\/\/www.salivapi.com.br\/edicao2022\/localizacao\/","og_site_name":"12\u00ba Sal\u00e3o do Livro de Valen\u00e7a do Piau\u00ed - SaLiVa","article_publisher":"https:\/\/www.facebook.com\/salaodolivrodopiaui\/","article_modified_time":"2022-09-11T23:14:12+00:00","twitter_card":"summary_large_image","twitter_misc":{"Est. tempo de leitura":"1 minuto"},"schema":{"@context":"https:\/\/schema.org","@graph":[{"@type":"WebPage","@id":"https:\/\/www.salivapi.com.br\/edicao2022\/localizacao\/","url":"https:\/\/www.salivapi.com.br\/edicao2022\/localizacao\/","name":"Localiza\u00e7\u00e3o - 12\u00ba Sal\u00e3o do Livro de Valen\u00e7a do Piau\u00ed - SaLiVa","isPartOf":{"@id":"https:\/\/www.salivapi.com.br\/edicao2022\/#website"},"datePublished":"2021-12-05T20:50:13+00:00","dateModified":"2022-09-11T23:14:12+00:00","breadcrumb":{"@id":"https:\/\/www.salivapi.com.br\/edicao2022\/localizacao\/#breadcrumb"},"inLanguage":"pt-BR","potentialAction":[{"@type":"ReadAction","target":["https:\/\/www.salivapi.com.br\/edicao2022\/localizacao\/"]}]},{"@type":"BreadcrumbList","@id":"https:\/\/www.salivapi.com.br\/edicao2022\/localizacao\/#breadcrumb","itemListElement":[{"@type":"ListItem","position":1,"name":"In\u00edcio","item":"https:\/\/www.salivapi.com.br\/edicao2022\/"},{"@type":"ListItem","position":2,"name":"Localiza\u00e7\u00e3o"}]},{"@type":"WebSite","@id":"https:\/\/www.salivapi.com.br\/edicao2022\/#website","url":"https:\/\/www.salivapi.com.br\/edicao2022\/","name":"12\u00ba Sal\u00e3o do Livro de Valen\u00e7a do Piau\u00ed - SaLiVa","description":"14 a 17 de setembro - Unidade Escolar Santo Ant\u00f4nio \u2013 UESA","publisher":{"@id":"https:\/\/www.salivapi.com.br\/edicao2022\/#organization"},"potentialAction":[{"@type":"SearchAction","target":{"@type":"EntryPoint","urlTemplate":"https:\/\/www.salivapi.com.br\/edicao2022\/?s={search_term_string}"},"query-input":{"@type":"PropertyValueSpecification","valueRequired":true,"valueName":"search_term_string"}}],"inLanguage":"pt-BR"},{"@type":"Organization","@id":"https:\/\/www.salivapi.com.br\/edicao2022\/#organization","name":"Sal\u00e3o do Livro de Valen\u00e7a do Piau\u00ed - SaLiVa","url":"https:\/\/www.salivapi.com.br\/edicao2022\/","logo":{"@type":"ImageObject","inLanguage":"pt-BR","@id":"https:\/\/www.salivapi.com.br\/edicao2022\/#\/schema\/logo\/image\/","url":"https:\/\/www.salivapi.com.br\/edicao2022\/wp-content\/uploads\/2021\/10\/logomarca_saliva2022.png","contentUrl":"https:\/\/www.salivapi.com.br\/edicao2022\/wp-content\/uploads\/2021\/10\/logomarca_saliva2022.png","width":400,"height":166,"caption":"Sal\u00e3o do Livro de Valen\u00e7a do Piau\u00ed - SaLiVa"},"image":{"@id":"https:\/\/www.salivapi.com.br\/edicao2022\/#\/schema\/logo\/image\/"},"sameAs":["https:\/\/www.facebook.com\/salaodolivrodopiaui\/","https:\/\/www.instagram.com\/salaodolivrodopiaui\/"]}]}},"_links":{"self":[{"href":"https:\/\/www.salivapi.com.br\/edicao2022\/wp-json\/wp\/v2\/pages\/1397","targetHints":{"allow":["GET"]}}],"collection":[{"href":"https:\/\/www.salivapi.com.br\/edicao2022\/wp-json\/wp\/v2\/pages"}],"about":[{"href":"https:\/\/www.salivapi.com.br\/edicao2022\/wp-json\/wp\/v2\/types\/page"}],"author":[{"embeddable":true,"href":"https:\/\/www.salivapi.com.br\/edicao2022\/wp-json\/wp\/v2\/users\/1"}],"replies":[{"embeddable":true,"href":"https:\/\/www.salivapi.com.br\/edicao2022\/wp-json\/wp\/v2\/comments?post=1397"}],"version-history":[{"count":38,"href":"https:\/\/www.salivapi.com.br\/edicao2022\/wp-json\/wp\/v2\/pages\/1397\/revisions"}],"predecessor-version":[{"id":5304,"href":"https:\/\/www.salivapi.com.br\/edicao2022\/wp-json\/wp\/v2\/pages\/1397\/revisions\/5304"}],"wp:attachment":[{"href":"https:\/\/www.salivapi.com.br\/edicao2022\/wp-json\/wp\/v2\/media?parent=1397"}],"curies":[{"name":"wp","href":"https:\/\/api.w.org\/{rel}","templated":true}]}}